{"id":15206,"date":"2024-05-15T13:48:26","date_gmt":"2024-05-15T13:48:26","guid":{"rendered":"https:\/\/vivianperfeito.com\/?page_id=15206"},"modified":"2024-05-20T10:41:21","modified_gmt":"2024-05-20T10:41:21","slug":"politica-de-cookies","status":"publish","type":"page","link":"https:\/\/vivianperfeito.com\/pt-br\/politica-de-cookies\/","title":{"rendered":"Pol\u00edtica de Cookies"},"content":{"rendered":"\n<p>Em&nbsp;https:\/\/vivianperfeito.com\/, nos esfor\u00e7amos para honrar a privacidade e a seguran\u00e7a de quaisquer dados que coletamos dos visitantes usando nosso site, enquanto atuamos como um Controlador de Dados Pessoais sob regras e regulamentos relevantes de prote\u00e7\u00e3o de dados.&nbsp;<\/p>\n\n\n\n<p>Nosso site usa cookies, em combina\u00e7\u00e3o com pixels, objetos de armazenamento locais e dispositivos similares (coletivamente, &#8220;cookies&#8221; a menos que seja observado em contr\u00e1rio) para distingui-lo de outros usu\u00e1rios do site. &nbsp;Isso nos ajuda a fornecer uma boa experi\u00eancia, melhorar nosso servi\u00e7o e personalizar an\u00fancios e conte\u00fado para voc\u00ea enquanto voc\u00ea usa o site.<\/p>\n\n\n\n<p>Esta pol\u00edtica de<a href=\"https:\/\/formulalgpd.com.br\/\" target=\"_blank\" rel=\"noreferrer noopener\">&nbsp;<\/a>cookies<a href=\"https:\/\/nasatecnologia.com.br\/servicos\/adequacao-lgpd-para-empresas\/\">&nbsp;<\/a>descreve os tipos de cookies que usamos no site e nossos prop\u00f3sitos para<a href=\"https:\/\/nasatecnologia.com.br\/gerador-de-politica-de-cookies-para-websites\/\" target=\"_blank\" rel=\"noreferrer noopener\">&nbsp;<\/a>us\u00e1-los.<\/p>\n\n\n\n<p>Se voc\u00ea tiver d\u00favidas sobre este Aviso de Cookies, entre em contato conosco pelo email: <a href=\"mailto:vperfeito@vivianperfeito.com\">info@vivianperfeito.com<\/a><\/p>\n\n\n\n<p>Para obter mais informa\u00e7\u00f5es sobre nossas pr\u00e1ticas de privacidade, revise nossa <a href=\"https:\/\/vivianperfeito.com\/politica-de-privacidade\/\" data-type=\"page\" data-id=\"15206\">Pol\u00edtica de Privacidade<\/a><\/p>\n\n\n\n<p>Leia este Aviso de Cookies atentamente para obter detalhes sobre por que usamos cookies e as informa\u00e7\u00f5es coletadas de voc\u00ea.<\/p>\n\n\n\n<h3 class=\"wp-block-heading\"><strong>Defini\u00e7\u00f5es de cookies<\/strong><\/h3>\n\n\n\n<p>Um cookie \u00e9 um pequeno arquivo de letras e n\u00fameros que armazenamos no seu navegador ou no disco r\u00edgido do seu dispositivo, que \u00e9 como a mem\u00f3ria do computador.<\/p>\n\n\n\n<p>Cookies prim\u00e1rios e de terceiros:&nbsp;se um cookie \u00e9 &#8216;prim\u00e1rio&#8217; ou &#8216;de terceiros&#8217; refere-se ao dom\u00ednio que coloca o cookie.<\/p>\n\n\n\n<ul class=\"wp-block-list\">\n<li>Cookies prim\u00e1rios&nbsp;s\u00e3o aqueles definidos por um site que est\u00e1 sendo visitado pelo usu\u00e1rio no momento (por exemplo, cookies colocados pelo nosso dom\u00ednio do site).<\/li>\n\n\n\n<li>Cookies de terceiros&nbsp;s\u00e3o cookies definidos por um dom\u00ednio diferente do site que est\u00e1 sendo visitado pelo usu\u00e1rio. Se um usu\u00e1rio visitar um site e outra entidade definir um cookie atrav\u00e9s desse site, este seria um cookie de terceiros.<\/li>\n<\/ul>\n\n\n\n<p>Cookies persistentes:&nbsp;esses<a href=\"https:\/\/nasatecnologia.com.br\/servicos\/adequacao-lgpd-para-empresas\/\">&nbsp;<\/a>cookies permanecem no dispositivo do usu\u00e1rio pelo per\u00edodo de tempo especificado no cookie. Eles s\u00e3o ativados cada vez que o usu\u00e1rio visita o site que criou esse cookie em particular.<\/p>\n\n\n\n<p>Cookies de sess\u00e3o:&nbsp;esses cookies permitem que as operadoras de sites vinculem as a\u00e7\u00f5es de um usu\u00e1rio durante uma sess\u00e3o de navegador. Uma sess\u00e3o do navegador come\u00e7a quando um usu\u00e1rio abre a janela do navegador e termina quando fecha a janela do navegador. Os cookies de sess\u00e3o s\u00e3o criados temporariamente. Depois de fechar o navegador, todos os cookies de sess\u00e3o s\u00e3o exclu\u00eddos.<\/p>\n\n\n\n<h3 class=\"wp-block-heading\"><strong>Quais cookies usamos e por qu\u00ea?<\/strong><\/h3>\n\n\n\n<p>Geralmente, o site usa cookies para distingui-lo de outros usu\u00e1rios do site. Isso nos ajuda a proporcionar uma boa experi\u00eancia ao navegar no site e tamb\u00e9m nos permite melhor\u00e1-lo. Os cookies que podemos usar no site podem ser categorizados da seguinte forma:<\/p>\n\n\n\n<ul class=\"wp-block-list\">\n<li><strong>Estritamente necess\u00e1rios<\/strong><\/li>\n\n\n\n<li><strong>Desempenho<\/strong><\/li>\n\n\n\n<li><strong>Funcionalidade<\/strong><\/li>\n\n\n\n<li><strong>Direcionamento \/ Marketing<\/strong><\/li>\n<\/ul>\n\n\n\n<p>*Alguns cookies podem cumprir mais de um desses prop\u00f3sitos.<\/p>\n\n\n\n<p>Os cookies &#8216;<strong>Estritamente Necess\u00e1rios<\/strong>&#8216; permitem que voc\u00ea se mova pelo site e use recursos essenciais, como \u00e1reas seguras. Sem estes cookies, n\u00e3o podemos fornecer os servi\u00e7os solicitados.<\/p>\n\n\n\n<p>Usamos estes cookies estritamente necess\u00e1rios para:<\/p>\n\n\n\n<ul class=\"wp-block-list\">\n<li>Identificar voc\u00ea como sendo logado e autenticado no site;<\/li>\n\n\n\n<li>Para fins de seguran\u00e7a;<\/li>\n\n\n\n<li>Certificar que ao se conectar ao servi\u00e7o desejado no site quando fizermos qualquer altera\u00e7\u00e3o na maneira como ele funciona ele continue operacional;<\/li>\n<\/ul>\n\n\n\n<p>Se voc\u00ea impedir esses cookies, n\u00e3o podemos garantir como o site ou a seguran\u00e7a no site se comportaram durante a sua visita.<\/p>\n\n\n\n<p>Os cookies de&nbsp;<strong>&#8216;Desempenho&#8217;&nbsp;<\/strong>coletam informa\u00e7\u00f5es sobre como voc\u00ea usa o site, por exemplo, quais p\u00e1ginas voc\u00ea visita e se voc\u00ea experimenta algum erro. Esses cookies n\u00e3o coletam nenhuma informa\u00e7\u00e3o que possa identific\u00e1-lo e s\u00e3o usados apenas para nos ajudar a melhorar o funcionamento do site, entender os interesses de nossos usu\u00e1rios e medir a efic\u00e1cia de nossa publicidade.<\/p>\n\n\n\n<p>Usamos cookies de desempenho para:<\/p>\n\n\n\n<ul class=\"wp-block-list\">\n<li>Realizar an\u00e1lises web: Fornecer estat\u00edsticas sobre como o site \u00e9 usado;<\/li>\n\n\n\n<li>Realizar o rastreamento de afiliados: Fornecer feedback para entidades afiliadas que um de nossos visitantes tamb\u00e9m visitou seu site;<\/li>\n\n\n\n<li>Obter dados sobre o n\u00famero de usu\u00e1rios do site que visualizaram um produto ou servi\u00e7o;<\/li>\n\n\n\n<li>Ajudar-nos a melhorar o site medindo quaisquer erros que ocorram;<\/li>\n\n\n\n<li>Testar diferentes projetos para o sit;e<\/li>\n<\/ul>\n\n\n\n<p>*Alguns de nossos cookies de desempenho s\u00e3o gerenciados para n\u00f3s por terceiros.<\/p>\n\n\n\n<p>Os cookies de&nbsp;<strong>&#8216;Funcionalidade&#8217;<\/strong>&nbsp;s\u00e3o usados para fornecer servi\u00e7os ou para lembrar<a href=\"https:\/\/nasatecnologia.com.br\/servicos\/adequacao-lgpd-para-empresas\/\">&nbsp;<\/a>de configura\u00e7\u00f5es para melhorar sua visita.<\/p>\n\n\n\n<p>Usamos cookies &#8216;Funcionalidade&#8217; para fins como:<\/p>\n\n\n\n<ul class=\"wp-block-list\">\n<li>Lembrarnos de configura\u00e7\u00f5es que voc\u00ea aplicou, como layout, tamanho do texto, prefer\u00eancias e cores<\/li>\n\n\n\n<li>Lembrarnos se n\u00f3s j\u00e1 perguntamos se voc\u00ea quer preencher uma pesquisa<\/li>\n\n\n\n<li>Lembrarmos se voc\u00ea se envolveu com um componente espec\u00edfico ou lista no site para que ele n\u00e3o se repita<\/li>\n\n\n\n<li>Mostrar-lhe quando voc\u00ea est\u00e1 logado no site<\/li>\n\n\n\n<li>Para fornecer e mostrar conte\u00fado de v\u00eddeo incorporado<\/li>\n<\/ul>\n\n\n\n<p>*Alguns desses cookies de funcionalidade s\u00e3o gerenciados por terceiros<\/p>\n\n\n\n<p>Os cookies de&nbsp;<strong>&#8216;Direcionamento \/ Marketing&#8221;<\/strong>&nbsp;s\u00e3o usados para rastrear sua visita ao site, bem como outros sites, aplicativos e servi\u00e7os online, incluindo as p\u00e1ginas que voc\u00ea visitou e os links que voc\u00ea seguiu, o que nos permite exibir an\u00fancios direcionados para voc\u00ea no site.<\/p>\n\n\n\n<p>Podemos usar cookies de segmenta\u00e7\u00e3o para:<\/p>\n\n\n\n<ul class=\"wp-block-list\">\n<li>Exibir an\u00fancios direcionados dentro do site.<\/li>\n\n\n\n<li>Para melhorar a forma como entregamos an\u00fancios e conte\u00fados personalizados e medir o sucesso das campanhas de an\u00fancios no site.<\/li>\n\n\n\n<li>Quando exigimos seu consentimento<\/li>\n<\/ul>\n\n\n\n<h3 class=\"wp-block-heading\"><strong>Todos os cookies requerem seu consentimento.<\/strong><\/h3>\n\n\n\n<p>Solicitamos seu consentimento antes de coloc\u00e1-los em seu dispositivo. Voc\u00ea pode dar seu consentimento clicando no bot\u00e3o apropriado no banner exibido para voc\u00ea.&nbsp;<\/p>\n\n\n\n<p>Se voc\u00ea n\u00e3o deseja dar consentimento ou deseja retirar seu consentimento para quaisquer cookies a qualquer momento, voc\u00ea precisar\u00e1 excluir e bloquear ou desativar cookies atrav\u00e9s das configura\u00e7\u00f5es do seu navegador; veja abaixo para obter mais informa\u00e7\u00f5es sobre como fazer isso. Observe que a desativa\u00e7\u00e3o desses cookies afetar\u00e1 a funcionalidade do site e poder\u00e1 impedir que voc\u00ea possa acessar certos recursos no site.<\/p>\n\n\n\n<h3 class=\"wp-block-heading\"><strong>Como Excluir e Bloquear nossos Cookies<\/strong><\/h3>\n\n\n\n<p>A maioria dos navegadores da Web permite algum controle da maioria dos cookies atrav\u00e9s das configura\u00e7\u00f5es do navegador. No entanto, se voc\u00ea usar as configura\u00e7\u00f5es do seu navegador para bloquear todos os cookies (incluindo cookies estritamente necess\u00e1rios), voc\u00ea pode n\u00e3o ser capaz de acessar todas ou partes do site. A menos que voc\u00ea tenha ajustado a configura\u00e7\u00e3o do seu navegador para que ele recuse cookies, nosso sistema emitir\u00e1 cookies assim que voc\u00ea visitar o site.<\/p>\n\n\n\n<h3 class=\"wp-block-heading\"><strong>Alterando suas configura\u00e7\u00f5es de cookies<\/strong>.&nbsp;<\/h3>\n\n\n\n<p>As configura\u00e7\u00f5es do navegador para alterar as configura\u00e7\u00f5es dos seus cookies geralmente s\u00e3o encontradas no menu &#8216;op\u00e7\u00f5es&#8217; ou &#8216;prefer\u00eancias&#8217; do seu navegador de internet. Para entender essas configura\u00e7\u00f5es, os links a seguir podem ser \u00fateis. Caso<a href=\"https:\/\/nasatecnologia.com.br\/servicos\/adequacao-lgpd-para-empresas\/\">&nbsp;<\/a>contr\u00e1rio, voc\u00ea deve usar a op\u00e7\u00e3o &#8216;Ajuda&#8217; no seu navegador de internet para obter mais detalhes<\/p>\n","protected":false},"excerpt":{"rendered":"<p>Em&nbsp;https:\/\/vivianperfeito.com\/, nos esfor\u00e7amos para honrar a privacidade e a seguran\u00e7a de quaisquer dados que coletamos dos visitantes usando nosso site, enquanto atuamos como um Controlador de Dados Pessoais sob regras e regulamentos relevantes de prote\u00e7\u00e3o de dados.&nbsp; Nosso site usa cookies, em combina\u00e7\u00e3o com pixels, objetos de armazenamento locais e dispositivos similares (coletivamente, &#8220;cookies&#8221; a [&hellip;]<\/p>\n","protected":false},"author":2,"featured_media":4065,"parent":0,"menu_order":0,"comment_status":"closed","ping_status":"closed","template":"","meta":{"_uag_custom_page_level_css":"","wds_primary_category":0,"footnotes":""},"categories":[],"tags":[],"class_list":["post-15206","page","type-page","status-publish","has-post-thumbnail","hentry"],"acf":[],"featured_image_src":"https:\/\/vivianperfeito.com\/wp-content\/uploads\/2022\/06\/nif-portugal.jpg","uagb_featured_image_src":{"full":["https:\/\/vivianperfeito.com\/wp-content\/uploads\/2022\/06\/nif-portugal.jpg",1920,1222,false],"thumbnail":["https:\/\/vivianperfeito.com\/wp-content\/uploads\/2022\/06\/nif-portugal-150x150.jpg",150,150,true],"medium":["https:\/\/vivianperfeito.com\/wp-content\/uploads\/2022\/06\/nif-portugal-300x191.jpg",300,191,true],"medium_large":["https:\/\/vivianperfeito.com\/wp-content\/uploads\/2022\/06\/nif-portugal-768x489.jpg",768,489,true],"large":["https:\/\/vivianperfeito.com\/wp-content\/uploads\/2022\/06\/nif-portugal-1024x652.jpg",1024,652,true],"1536x1536":["https:\/\/vivianperfeito.com\/wp-content\/uploads\/2022\/06\/nif-portugal-1536x978.jpg",1536,978,true],"2048x2048":["https:\/\/vivianperfeito.com\/wp-content\/uploads\/2022\/06\/nif-portugal.jpg",1920,1222,false],"gform-image-choice-sm":["https:\/\/vivianperfeito.com\/wp-content\/uploads\/2022\/06\/nif-portugal.jpg",300,191,false],"gform-image-choice-md":["https:\/\/vivianperfeito.com\/wp-content\/uploads\/2022\/06\/nif-portugal.jpg",400,255,false],"gform-image-choice-lg":["https:\/\/vivianperfeito.com\/wp-content\/uploads\/2022\/06\/nif-portugal.jpg",600,382,false],"woocommerce_thumbnail":["https:\/\/vivianperfeito.com\/wp-content\/uploads\/2022\/06\/nif-portugal-300x300.jpg",300,300,true],"woocommerce_single":["https:\/\/vivianperfeito.com\/wp-content\/uploads\/2022\/06\/nif-portugal-600x382.jpg",600,382,true],"woocommerce_gallery_thumbnail":["https:\/\/vivianperfeito.com\/wp-content\/uploads\/2022\/06\/nif-portugal-100x100.jpg",100,100,true]},"uagb_author_info":{"display_name":"Vivian Perfeito","author_link":"https:\/\/vivianperfeito.com\/pt-br\/author\/vivianperfeito\/"},"uagb_comment_info":0,"uagb_excerpt":"Em&nbsp;https:\/\/vivianperfeito.com\/, nos esfor\u00e7amos para honrar a privacidade e a seguran\u00e7a de quaisquer dados que coletamos dos visitantes usando nosso site, enquanto atuamos como um Controlador de Dados Pessoais sob regras e regulamentos relevantes de prote\u00e7\u00e3o de dados.&nbsp; Nosso site usa cookies, em combina\u00e7\u00e3o com pixels, objetos de armazenamento locais e dispositivos similares (coletivamente, &#8220;cookies&#8221; a&hellip;","_links":{"self":[{"href":"https:\/\/vivianperfeito.com\/pt-br\/wp-json\/wp\/v2\/pages\/15206","targetHints":{"allow":["GET"]}}],"collection":[{"href":"https:\/\/vivianperfeito.com\/pt-br\/wp-json\/wp\/v2\/pages"}],"about":[{"href":"https:\/\/vivianperfeito.com\/pt-br\/wp-json\/wp\/v2\/types\/page"}],"author":[{"embeddable":true,"href":"https:\/\/vivianperfeito.com\/pt-br\/wp-json\/wp\/v2\/users\/2"}],"replies":[{"embeddable":true,"href":"https:\/\/vivianperfeito.com\/pt-br\/wp-json\/wp\/v2\/comments?post=15206"}],"version-history":[{"count":0,"href":"https:\/\/vivianperfeito.com\/pt-br\/wp-json\/wp\/v2\/pages\/15206\/revisions"}],"wp:featuredmedia":[{"embeddable":true,"href":"https:\/\/vivianperfeito.com\/pt-br\/wp-json\/wp\/v2\/media\/4065"}],"wp:attachment":[{"href":"https:\/\/vivianperfeito.com\/pt-br\/wp-json\/wp\/v2\/media?parent=15206"}],"wp:term":[{"taxonomy":"category","embeddable":true,"href":"https:\/\/vivianperfeito.com\/pt-br\/wp-json\/wp\/v2\/categories?post=15206"},{"taxonomy":"post_tag","embeddable":true,"href":"https:\/\/vivianperfeito.com\/pt-br\/wp-json\/wp\/v2\/tags?post=15206"}],"curies":[{"name":"wp","href":"https:\/\/api.w.org\/{rel}","templated":true}]}}