{"id":3,"date":"2021-05-20T15:15:36","date_gmt":"2021-05-20T15:15:36","guid":{"rendered":"http:\/\/162.215.214.77\/~moreiraeperfeito\/?page_id=3"},"modified":"2024-05-20T10:42:59","modified_gmt":"2024-05-20T10:42:59","slug":"politica-privacidade","status":"publish","type":"page","link":"https:\/\/vivianperfeito.com\/pt-br\/politica-privacidade\/","title":{"rendered":"Pol\u00edtica de privacidade"},"content":{"rendered":"\n<p>Primeiramente, agradecemos a confian\u00e7a depositada em nosso trabalho; tenha certeza de que ele ser\u00e1 sempre prestado da melhor forma poss\u00edvel, com per\u00edcia, afinco e responsabilidade.&nbsp;<\/p>\n\n\n\n<p>Sabendo que o conhecimento de uma maneira geral \u00e9 basilar para a constru\u00e7\u00e3o de qualquer rela\u00e7\u00e3o, solicitamos que preencha, assine e rubrique inteiramente o formul\u00e1rio que segue, e, junto a ele, nos encaminhe toda documenta\u00e7\u00e3o pertinente \u00e0s informa\u00e7\u00f5es prestadas.&nbsp;<\/p>\n\n\n\n<p>Al\u00e9m do solicitado ser essencial para o estreitamento de v\u00ednculos entre n\u00f3s, se faz tamb\u00e9m indispens\u00e1vel para atendimento \u00e0 normas legais vigentes, dispostas, por exemplo, na Lei de Combate ao Branqueamento de Capitais e ao Financiamento do Terrorismo- LCBCFT (Lei n\u00ba 83\/2017) e ao Regulamento Geral sobre a Prote\u00e7\u00e3o de Dados- RGPD (Regulamento EU 2016\/679 e Lei n\u00ba 58\/2019), por isso, qualquer mudan\u00e7a futura quanto as informa\u00e7\u00f5es ora fornecidas dever\u00e1 ser formal e justificadamente prestada no prazo de at\u00e9 10 (dez) dias, contados a partir de seu conhecimento.&nbsp;&nbsp;<\/p>\n\n\n\n<p>Para efeitos do disposto no RGPD, informamos que os dados solicitados se destinam exclusivamente ao cumprimento dos deveres preventivos previstos na LCBCFT e <strong><u>n\u00e3o ser\u00e3o utilizados para quaisquer outros fins<\/u><\/strong>, a n\u00e3o ser que seja prestado consentimento expresso.<\/p>\n\n\n\n<p><strong>Prote\u00e7\u00e3o de Dados Pessoais<\/strong><\/p>\n\n\n\n<p>A sua privacidade \u00e9 importante para n\u00f3s. \u00c9 nossa pol\u00edtica respeitar a sua privacidade em rela\u00e7\u00e3o a qualquer informa\u00e7\u00e3o sua que possamos coletar em nossas presta\u00e7\u00f5es de servi\u00e7os, redes sociais, em outros sites que possu\u00edmos e operamos.<\/p>\n\n\n\n<p>\u00c9 importante ressaltar que n\u00f3s solicitaremos informa\u00e7\u00f5es pessoais somente quando necess\u00e1rio para a presta\u00e7\u00e3o dos servi\u00e7os, sendo essa solicita\u00e7\u00e3o totalmente de acordo com meios justos e legais bem como pautada no seu conhecimento e consentimento.<\/p>\n\n\n\n<p>Reiteramos que a utiliza\u00e7\u00e3o dos seus dados ser\u00e1 para o fim \u00fanico da presta\u00e7\u00e3o de servi\u00e7os, sendo sempre de sua ci\u00eancia o motivo dos dados estarem sendo coletados e solicitados.<\/p>\n\n\n\n<p>Ademais, \u00e9 nosso compromisso informar que os dados coletados ser\u00e3o mantidos pelo tempo estritamente necess\u00e1rio para a presta\u00e7\u00e3o dos servi\u00e7os contratados.<\/p>\n\n\n\n<p>Destacamos, ainda, que aos termos acesso aos seus dados, compromissamo-nos a proteg\u00ea-los dentro de meios comercialmente poss\u00edveis \u200b\u200bpara que seja evitada qualquer perda e\/ou roubo por terceiros, bem como acesso, divulga\u00e7\u00e3o, c\u00f3pia, uso ou modifica\u00e7\u00e3o n\u00e3o autorizados.<\/p>\n\n\n\n<p>N\u00e3o compartilharemos informa\u00e7\u00f5es de identifica\u00e7\u00e3o pessoal que tenham sido a n\u00f3s confiadas, exceto quando exigido pela lei. No entanto, comunicamos que o nosso site, redes sociais e servidores de armazenamento de documentos, servidores de e-mail e mensagens, podem conter links com redirecionamento a destinos externos, n\u00e3o s\u00e3o operados por n\u00f3s. Nesse sentido, pela total transpar\u00eancia e cumprimento legal, pedimos que voc\u00ea esteja ciente de que n\u00e3o temos controle sobre o conte\u00fado e pr\u00e1ticas desses sites, pelo que n\u00e3o podemos ser respons\u00e1veis por suas respectivas&nbsp;pol\u00edticas de privacidade.<\/p>\n\n\n\n<p>\u00c9 importante que voc\u00ea saiba do seu direito de liberdade em recusar a nossa solicita\u00e7\u00e3o de informa\u00e7\u00f5es pessoais entendendo que, com a recusa, talvez n\u00e3o possamos fornecer parte dos servi\u00e7os que venham a ser contratados e dependam dessas informa\u00e7\u00f5es.<\/p>\n\n\n\n<p>A confirma\u00e7\u00e3o da contrata\u00e7\u00e3o dos nossos servi\u00e7os ser\u00e1 considerada como aceita\u00e7\u00e3o das nossas pr\u00e1ticas em torno de prote\u00e7\u00e3o da privacidade e das informa\u00e7\u00f5es pessoais. Entretanto, lembre-se sempre que, se em algum momento voc\u00ea tiver qualquer d\u00favida sobre como lidamos com seus dados e as suas informa\u00e7\u00f5es pessoais, entre em contacto conosco, em exerc\u00edcio do seu direito a informa\u00e7\u00e3o. N\u00f3s teremos todo gosto em responder voc\u00ea prontamente.<\/p>\n\n\n\n<p><strong>Seguran\u00e7a e Confidencialidade<\/strong><\/p>\n\n\n\n<p>N\u00f3s empenharemos todo o poss\u00edvel para manter os seus dados seguros, adotando medidas de seguran\u00e7a apropriadas para assegurar que a prote\u00e7\u00e3o dos seus dados pessoais e impedir o acesso a pessoas n\u00e3o autorizadas. No entanto, \u00e9 sabido que a transmiss\u00e3o de informa\u00e7\u00e3o atrav\u00e9s de Internet n\u00e3o \u00e9 completamente segura, pelo que n\u00e3o podemos garantir absolutamente a seguran\u00e7a e prote\u00e7\u00e3o da informa\u00e7\u00e3o.<\/p>\n\n\n\n<p>\u00c9 importante tamb\u00e9m que voc\u00ea saiba que n\u00f3s respeitamos a confidencialidade de toda e qualquer informa\u00e7\u00e3o. Como tal, n\u00e3o vendemos, distribu\u00edmos ou de qualquer outro modo disponibilizamos comercialmente a sua informa\u00e7\u00e3o a terceiros, exceto para o estrito \u00e2mbito da presta\u00e7\u00e3o de servi\u00e7os.<\/p>\n\n\n\n<p>Assim sendo, n\u00f3s assumimos o compromisso de manter a sua informa\u00e7\u00e3o confidencial de acordo com esta Pol\u00edtica de Privacidade e legisla\u00e7\u00e3o aplic\u00e1vel.<\/p>\n\n\n\n<p><strong>Quais os dados que n\u00f3s tratamos,<\/strong> <strong>a quem respeitam e como s\u00e3o recolhidos?<\/strong><\/p>\n\n\n\n<p>Um dado pessoal \u00e9 qualquer informa\u00e7\u00e3o relativa a uma pessoa identificada ou identific\u00e1vel. \u00c9 considerada identific\u00e1vel uma pessoa que possa ser identificada, direta ou indiretamente, em especial por refer\u00eancia a um identificador, como por exemplo um nome, um n\u00famero de identifica\u00e7\u00e3o, dados de localiza\u00e7\u00e3o, identificadores por via eletr\u00f4nica ou a um ou mais elementos espec\u00edficos da identidade f\u00edsica, fisiol\u00f3gica, gen\u00e9tica, mental, econ\u00f3mica, cultural ou social dessa pessoa singular.<\/p>\n\n\n\n<p>Exposto isso, via de regra n\u00f3s trataremos as seguintes categorias de dados pessoais:<\/p>\n\n\n\n<ol class=\"wp-block-list\" style=\"list-style-type:lower-alpha\">\n<li>Dados de identifica\u00e7\u00e3o&nbsp;(e.g., nome, data de nascimento, estado civil, profiss\u00e3o, sexo, morada, contactos, filia\u00e7\u00e3o, dados do cart\u00e3o de cidad\u00e3o, documento de identifica\u00e7\u00e3o, passaporte e n\u00famero de contribuinte, CPF, nacionalidade);<br><br><\/li>\n\n\n\n<li>Dados relativos a educa\u00e7\u00e3o e experi\u00eancia profissional&nbsp;(e.g., educa\u00e7\u00e3o, qualifica\u00e7\u00f5es, certifica\u00e7\u00f5es, l\u00ednguas,&nbsp;curr\u00edculos, informa\u00e7\u00f5es do atual\/antigo empregador\/tomador de servi\u00e7os);<\/li>\n<\/ol>\n\n\n\n<ul class=\"wp-block-list\">\n<li>Dados profissionais&nbsp;(e.g., cargo, fun\u00e7\u00e3o, descri\u00e7\u00e3o da fun\u00e7\u00e3o, empresa, morada do escrit\u00f3rio);<\/li>\n<\/ul>\n\n\n\n<ul class=\"wp-block-list\">\n<li>Dados de atividade profissional&nbsp;(e.g., atividades de neg\u00f3cio, informa\u00e7\u00f5es relativas a processos e&nbsp;dossiers, informa\u00e7\u00f5es relativas a dilig\u00eancias);<br>&nbsp; &nbsp;<\/li>\n\n\n\n<li>Dados financeiros (e.g. para pedido de vistos de rendimentos,&nbsp;patrim\u00f4nio).<\/li>\n<\/ul>\n\n\n\n<p>\u00c9 relevante que voc\u00ea sabia que n\u00f3s recolhemos os dados pessoais atrav\u00e9s de v\u00e1rios meios e em diversos momentos, nomeadamente quando nos envia um&nbsp;e-mail&nbsp;ou responde a um convite, quando entrega o seu cart\u00e3o pessoal, assina procura\u00e7\u00f5es termos de compromisso, quando subscreve as nossas informa\u00e7\u00f5es ou, por exemplo, quando contrata os nossos servi\u00e7os.<\/p>\n\n\n\n<p>Em determinados casos, ainda, n\u00f3s poderemos proceder \u00e0 recolha indireta dos dados pessoais, nomeadamente atrav\u00e9s de fontes p\u00fablicas como, por exemplo, registros civis e tribunais.<\/p>\n\n\n\n<p>\u00c9 valoroso que voc\u00ea tenha ci\u00eancia de que n\u00f3s recolhemos e tratamos os seus dados pessoais de v\u00e1rias formas, nomeadamente atrav\u00e9s do uso do nosso servidor de e-mail e armazenamento de documentos bem como atrav\u00e9s de outras ferramentas vinculadas a execu\u00e7\u00e3o do nosso trabalho (v.g. sistemas de fatura\u00e7\u00e3o).<\/p>\n\n\n\n<p>Diante de tudo que expusemos, em resumo, n\u00f3s utilizamos os seus dados:<\/p>\n\n\n\n<ul class=\"wp-block-list\">\n<li>Para prestar os nossos servi\u00e7os, o que pode incluir o tratamento de dados pessoais de terceiros em nome dos nossos clientes;<\/li>\n<\/ul>\n\n\n\n<ul class=\"wp-block-list\">\n<li>Para disponibilizar informa\u00e7\u00e3o que nos solicite;<\/li>\n<\/ul>\n\n\n\n<ul class=\"wp-block-list\">\n<li>Na promo\u00e7\u00e3o dos nossos servi\u00e7os, atrav\u00e9s do envio de not\u00edcias e publica\u00e7\u00f5es e\/ou newsletters;<\/li>\n<\/ul>\n\n\n\n<ul class=\"wp-block-list\">\n<li>Para orientar e dirigir a nossa rela\u00e7\u00e3o com voc\u00ea;<\/li>\n<\/ul>\n\n\n\n<ul class=\"wp-block-list\">\n<li>Para cumprimento de legisla\u00e7\u00e3o fiscal e sobre branqueamento de capitais e financiamento do terrorismo, bem como para verifica\u00e7\u00e3o de conflitos;<\/li>\n<\/ul>\n\n\n\n<ul class=\"wp-block-list\">\n<li>Na prossecu\u00e7\u00e3o das nossas obriga\u00e7\u00f5es legais, regulat\u00f3rias e de gest\u00e3o de risco, inclusivamente no exerc\u00edcio de direitos ou na defesa de processos judiciais e administrativos;<\/li>\n<\/ul>\n\n\n\n<p><strong>Com que fundamento utilizamos os seus dados pessoais?<\/strong><\/p>\n\n\n\n<p>N\u00f3s utilizamos os seus dados pessoais, de forma l\u00edcita, leal e transparente, com os seguintes fundamentos:<\/p>\n\n\n\n<ul class=\"wp-block-list\">\n<li>Mediante o seu consentimento, por escrito, oralmente ou atrav\u00e9s da valida\u00e7\u00e3o de uma op\u00e7\u00e3o, e pr\u00e9vio e se esse consentimento for livre, informado, espec\u00edfico e inequ\u00edvoco;<\/li>\n<\/ul>\n\n\n\n<ul class=\"wp-block-list\">\n<li>Nas dilig\u00eancias pr\u00e9vias \u00e0 forma\u00e7\u00e3o do contrato ou \u00e0 declara\u00e7\u00e3o da vontade negocial, e na execu\u00e7\u00e3o de obriga\u00e7\u00f5es contratuais, nomeadamente atrav\u00e9s da presta\u00e7\u00e3o de servi\u00e7os jur\u00eddicos;<\/li>\n<\/ul>\n\n\n\n<ul class=\"wp-block-list\">\n<li>Para intentar ou defender a\u00e7\u00f5es judiciais ou processos judiciais;<\/li>\n<\/ul>\n\n\n\n<ul class=\"wp-block-list\">\n<li>Para cumprir obriga\u00e7\u00f5es regulat\u00f3rias e legais.<\/li>\n<\/ul>\n\n\n\n<p><strong>Por quanto tempo conservamos os seus dados pessoais?<\/strong><\/p>\n\n\n\n<p>O prazo pelo qual conservamos os seus dados pessoais poder\u00e1 variar consoante a finalidade para a qual foram tratados. Assim, iremos conservar os seus dados pessoais durante os seguintes prazos:<\/p>\n\n\n\n<ul class=\"wp-block-list\">\n<li>Envio de comunica\u00e7\u00f5es comerciais relacionadas com a nossa atividade: at\u00e9 que exer\u00e7a o seu direito de oposi\u00e7\u00e3o ou revogue o seu consentimento, consoante o que for aplic\u00e1vel.<\/li>\n<\/ul>\n\n\n\n<ul class=\"wp-block-list\">\n<li>Resposta a solicita\u00e7\u00f5es, pedidos de esclarecimento ou reclama\u00e7\u00f5es: at\u00e9 ao momento em que os dados pessoais j\u00e1 n\u00e3o sejam necess\u00e1rios para o cumprimento destas finalidades.<\/li>\n<\/ul>\n\n\n\n<ul class=\"wp-block-list\">\n<li>Presta\u00e7\u00e3o de servi\u00e7os de assessoria jur\u00eddica: durante a assessoria jur\u00eddica prestada e ap\u00f3s o fim desta;<\/li>\n<\/ul>\n\n\n\n<ul class=\"wp-block-list\">\n<li>Cumprimento das diversas obriga\u00e7\u00f5es legais a que nos encontramos adstritos: durante o tempo necess\u00e1rio para dar cumprimento \u00e0s obriga\u00e7\u00f5es legais que em cada caso sejam aplic\u00e1veis;<\/li>\n<\/ul>\n\n\n\n<ul class=\"wp-block-list\">\n<li>Exerc\u00edcio ou defesa de direitos num processo administrativo, judicial ou extrajudicial: At\u00e9 \u00e0 data da decis\u00e3o administrativa, do tr\u00e2nsito em julgado da decis\u00e3o em causa, at\u00e9 \u00e0 data da sua resolu\u00e7\u00e3o extrajudicial.<\/li>\n<\/ul>\n\n\n\n<ul class=\"wp-block-list\">\n<li>No caso de os dados pessoais serem utilizados para v\u00e1rias finalidades, que nos obriguem a conserv\u00e1-los durante prazos diferentes, aplicaremos o prazo mais longo.<\/li>\n<\/ul>\n\n\n\n<p><strong>Com quem partilhamos os seus dados pessoais?<\/strong><\/p>\n\n\n\n<p>Podemos partilhar os seus dados pessoais com terceiros, de acordo com as disposi\u00e7\u00f5es contratuais e legais em vigor, incluindo:<\/p>\n\n\n\n<ul class=\"wp-block-list\">\n<li>Autoridades governamentais e judiciais competentes, como sendo os Tribunais ou a Autoridades Tribut\u00e1ria;<\/li>\n<\/ul>\n\n\n\n<ul class=\"wp-block-list\">\n<li>Os nossos consultores e auditores profissionais;<\/li>\n<\/ul>\n\n\n\n<ul class=\"wp-block-list\">\n<li>Fornecedores com os quais n\u00f3s contratamos determinados servi\u00e7os de suporte, tais como o tratamento de texto, tradu\u00e7\u00f5es, c\u00f3pias, revis\u00f5es de documentos;<\/li>\n<\/ul>\n\n\n\n<ul class=\"wp-block-list\">\n<li>Prestadores de servi\u00e7os de tecnologia da informa\u00e7\u00e3o;<\/li>\n<\/ul>\n\n\n\n<ul class=\"wp-block-list\">\n<li>Terceiros envolvidos no decurso dos servi\u00e7os que fornecemos aos clientes e com o seu consentimento pr\u00e9vio, tais como advogados, agentes de execu\u00e7\u00e3o, consultores locais e outros;<\/li>\n<\/ul>\n\n\n\n<ul class=\"wp-block-list\">\n<li>Entidades envolvidas na organiza\u00e7\u00e3o de eventos ou semin\u00e1rios ou coanfitri\u00f5es dos mesmos.<\/li>\n<\/ul>\n\n\n\n<p>Note que toda vez que os seus dados sejam transmitidos a subcontratantes, n\u00f3s tomaremos as medidas contratuais necess\u00e1rias para garantir que os subcontratantes respeitam e protegem os seus dados pessoais, recorrendo apenas a subcontratantes que apresentem garantias suficientes de execu\u00e7\u00e3o de medidas t\u00e9cnicas e organizativas adequadas para esse efeito.<\/p>\n\n\n\n<p>Assim sendo, quando necess\u00e1rio, ou pelas raz\u00f5es expostas nesta pol\u00edtica, os dados pessoais tamb\u00e9m podem ser partilhados com autoridades reguladoras, tribunais e entidades oficiais. Embora seja improv\u00e1vel, podemos ser obrigados a divulgar os seus dados para cumprir exig\u00eancias legais. Faremos esfor\u00e7os razo\u00e1veis para notific\u00e1-lo antes dessa partilha, a n\u00e3o ser que sejamos legalmente impedidos de o fazer.<\/p>\n\n\n\n<p>Em todo caso se, no futuro, reorganizarmos ou transferirmos toda ou parte da nossa empresa, poderemos precisar de transferir os seus dados pessoais para novas entidades ligadas \u00e0 n\u00f3s ou para terceiros por meio das quais nos nossos servi\u00e7os ser\u00e3o prestados.<\/p>\n\n\n\n<p>N\u00f3s podemos usar redes sociais como LinkedIn, Instagram, Facebook, Youtube e Twitter. Se voc\u00ea for utilizador destes servi\u00e7os, poder\u00e1 verificar a pol\u00edtica de privacidade deles para obter mais informa\u00e7\u00f5es sobre como estes lidam com os dados pessoais.<\/p>\n\n\n\n<p>\u00c9 importante que voc\u00ea tenha a certeza de que n\u00f3s n\u00e3o vendemos, alugamos ou disponibilizamos dados pessoais comercialmente a terceiros.<\/p>\n\n\n\n<p><strong>Para quais Pa\u00edses transferimos os seus dados pessoais?<\/strong><\/p>\n\n\n\n<p>Para prestarmos os nossos servi\u00e7os, pode ser necess\u00e1ria a transfer\u00eancia dos seus dados pessoais para locais fora de Portugal.<\/p>\n\n\n\n<p>Logo, n\u00f3s podemos ter de transferir os seus dados pessoais para um pa\u00eds terceiro fora do Espa\u00e7o Econ\u00f3mico Europeu (\u201cEEE\u201d) e que n\u00e3o integre a lista de pa\u00edses que a Comiss\u00e3o Europeia j\u00e1 considerou reunirem n\u00edveis de prote\u00e7\u00e3o de dados pessoais adequados. Nesses casos, n\u00f3s asseguraremos que as transfer\u00eancias de dados se realizam no estrito cumprimento das normas legais aplic\u00e1veis, designadamente o cap\u00edtulo V do RGPD.<\/p>\n\n\n\n<p><strong>Direitos<\/strong><\/p>\n\n\n\n<p>S\u00e3o seus direitos o acesso, a retifica\u00e7\u00e3o, o apagamento, a oposi\u00e7\u00e3o, a limita\u00e7\u00e3o do tratamento bem como a portabilidade dos dados. \u00c9 seu direito, ainda, revogar qualquer concess\u00e3o de dados quando, por exemplo, a sua utiliza\u00e7\u00e3o tiver sido il\u00edcita.<\/p>\n\n\n\n<p>Nesse sentido, para exercer os direitos, envie um e-mail para <a href=\"mailto:info@vivianperfeito.com\">info@vivianperfeito.com<\/a><\/p>\n\n\n\n<p><strong>Informa\u00e7\u00e3o adicional<\/strong><\/p>\n\n\n\n<p>Como voc\u00ea notou, a prote\u00e7\u00e3o dos seus dados pessoais \u00e9 muito importante para n\u00f3s. No tratamento de dados pessoais seguimos os princ\u00edpios da licitude, lealdade, transpar\u00eancia, limita\u00e7\u00e3o das finalidades, minimiza\u00e7\u00e3o dos dados, exatid\u00e3o, limita\u00e7\u00e3o da conserva\u00e7\u00e3o, integridade e confidencialidade, responsabilidade, bem como o cumprimento minucioso da deontologia profissional.<\/p>\n\n\n\n<p><strong>Quem s\u00e3o os Respons\u00e1veis pelo tratamento dos seus dados pessoais?<\/strong><\/p>\n\n\n\n<p>A respons\u00e1vel pelo Tratamento dos dados pessoais \u00e9 a advogada Dra. Vivian Molina Rodrigues Perfeito, OAB\/RJ 172.027&nbsp;e&nbsp;OA&nbsp;56.010P, com morada profissional na Rua Brito e Cunha, 254, 1\u00ba Dt.\u00ba &#8211; Matosinhos, Portugal &#8211; C\u00f3digo Postal: 4450-082<\/p>\n","protected":false},"excerpt":{"rendered":"<p>Primeiramente, agradecemos a confian\u00e7a depositada em nosso trabalho; tenha certeza de que ele ser\u00e1 sempre prestado da melhor forma poss\u00edvel, com per\u00edcia, afinco e responsabilidade.&nbsp; Sabendo que o conhecimento de uma maneira geral \u00e9 basilar para a constru\u00e7\u00e3o de qualquer rela\u00e7\u00e3o, solicitamos que preencha, assine e rubrique inteiramente o formul\u00e1rio que segue, e, junto a [&hellip;]<\/p>\n","protected":false},"author":2,"featured_media":4065,"parent":0,"menu_order":0,"comment_status":"closed","ping_status":"closed","template":"","meta":{"_uag_custom_page_level_css":"","wds_primary_category":0,"footnotes":""},"categories":[],"tags":[],"class_list":["post-3","page","type-page","status-publish","has-post-thumbnail","hentry"],"acf":[],"featured_image_src":"https:\/\/vivianperfeito.com\/wp-content\/uploads\/2022\/06\/nif-portugal.jpg","uagb_featured_image_src":{"full":["https:\/\/vivianperfeito.com\/wp-content\/uploads\/2022\/06\/nif-portugal.jpg",1920,1222,false],"thumbnail":["https:\/\/vivianperfeito.com\/wp-content\/uploads\/2022\/06\/nif-portugal-150x150.jpg",150,150,true],"medium":["https:\/\/vivianperfeito.com\/wp-content\/uploads\/2022\/06\/nif-portugal-300x191.jpg",300,191,true],"medium_large":["https:\/\/vivianperfeito.com\/wp-content\/uploads\/2022\/06\/nif-portugal-768x489.jpg",768,489,true],"large":["https:\/\/vivianperfeito.com\/wp-content\/uploads\/2022\/06\/nif-portugal-1024x652.jpg",1024,652,true],"1536x1536":["https:\/\/vivianperfeito.com\/wp-content\/uploads\/2022\/06\/nif-portugal-1536x978.jpg",1536,978,true],"2048x2048":["https:\/\/vivianperfeito.com\/wp-content\/uploads\/2022\/06\/nif-portugal.jpg",1920,1222,false],"gform-image-choice-sm":["https:\/\/vivianperfeito.com\/wp-content\/uploads\/2022\/06\/nif-portugal.jpg",300,191,false],"gform-image-choice-md":["https:\/\/vivianperfeito.com\/wp-content\/uploads\/2022\/06\/nif-portugal.jpg",400,255,false],"gform-image-choice-lg":["https:\/\/vivianperfeito.com\/wp-content\/uploads\/2022\/06\/nif-portugal.jpg",600,382,false],"woocommerce_thumbnail":["https:\/\/vivianperfeito.com\/wp-content\/uploads\/2022\/06\/nif-portugal-300x300.jpg",300,300,true],"woocommerce_single":["https:\/\/vivianperfeito.com\/wp-content\/uploads\/2022\/06\/nif-portugal-600x382.jpg",600,382,true],"woocommerce_gallery_thumbnail":["https:\/\/vivianperfeito.com\/wp-content\/uploads\/2022\/06\/nif-portugal-100x100.jpg",100,100,true]},"uagb_author_info":{"display_name":"Vivian Perfeito","author_link":"https:\/\/vivianperfeito.com\/pt-br\/author\/vivianperfeito\/"},"uagb_comment_info":0,"uagb_excerpt":"Primeiramente, agradecemos a confian\u00e7a depositada em nosso trabalho; tenha certeza de que ele ser\u00e1 sempre prestado da melhor forma poss\u00edvel, com per\u00edcia, afinco e responsabilidade.&nbsp; Sabendo que o conhecimento de uma maneira geral \u00e9 basilar para a constru\u00e7\u00e3o de qualquer rela\u00e7\u00e3o, solicitamos que preencha, assine e rubrique inteiramente o formul\u00e1rio que segue, e, junto a&hellip;","_links":{"self":[{"href":"https:\/\/vivianperfeito.com\/pt-br\/wp-json\/wp\/v2\/pages\/3","targetHints":{"allow":["GET"]}}],"collection":[{"href":"https:\/\/vivianperfeito.com\/pt-br\/wp-json\/wp\/v2\/pages"}],"about":[{"href":"https:\/\/vivianperfeito.com\/pt-br\/wp-json\/wp\/v2\/types\/page"}],"author":[{"embeddable":true,"href":"https:\/\/vivianperfeito.com\/pt-br\/wp-json\/wp\/v2\/users\/2"}],"replies":[{"embeddable":true,"href":"https:\/\/vivianperfeito.com\/pt-br\/wp-json\/wp\/v2\/comments?post=3"}],"version-history":[{"count":0,"href":"https:\/\/vivianperfeito.com\/pt-br\/wp-json\/wp\/v2\/pages\/3\/revisions"}],"wp:featuredmedia":[{"embeddable":true,"href":"https:\/\/vivianperfeito.com\/pt-br\/wp-json\/wp\/v2\/media\/4065"}],"wp:attachment":[{"href":"https:\/\/vivianperfeito.com\/pt-br\/wp-json\/wp\/v2\/media?parent=3"}],"wp:term":[{"taxonomy":"category","embeddable":true,"href":"https:\/\/vivianperfeito.com\/pt-br\/wp-json\/wp\/v2\/categories?post=3"},{"taxonomy":"post_tag","embeddable":true,"href":"https:\/\/vivianperfeito.com\/pt-br\/wp-json\/wp\/v2\/tags?post=3"}],"curies":[{"name":"wp","href":"https:\/\/api.w.org\/{rel}","templated":true}]}}