{"id":35041,"date":"2026-02-23T15:37:56","date_gmt":"2026-02-23T15:37:56","guid":{"rendered":"https:\/\/vivianperfeito.com\/?page_id=35041"},"modified":"2026-02-27T12:07:36","modified_gmt":"2026-02-27T12:07:36","slug":"educacao-e-formacoes-2026","status":"publish","type":"page","link":"https:\/\/vivianperfeito.com\/pt-br\/educacao-e-formacoes-2026\/","title":{"rendered":"EDUCA\u00c7\u00c3O E FORMA\u00c7\u00d5ES 2026"},"content":{"rendered":"<div>Educacional e Forma\u00e7\u00f5es<\/div>\n<div><span style=\"font-weight: 400;\">forma\u00e7\u00f5es s\u00e3o desenvolvidas sob medida para empresas\/grupos<\/span><\/div>\n<ul>\n<li>\n        <a href=\"#atos\">SAIBA MAIS<\/a>\n    <\/li>\n<li>\n        <a href=\"#relacionados\">SERVI\u00c7OS RELACIONADOS<\/a>\n    <\/li>\n<\/ul>\n<p><img decoding=\"async\" data-src=\"\/wp-content\/uploads\/2025\/12\/DSC_5645-Aprimorado-NR-1-scaled.jpg\" alt=\"\" src=\"data:image\/svg+xml;base64,PHN2ZyB3aWR0aD0iMSIgaGVpZ2h0PSIxIiB4bWxucz0iaHR0cDovL3d3dy53My5vcmcvMjAwMC9zdmciPjwvc3ZnPg==\" class=\"lazyload\" style=\"--smush-placeholder-width: 2560px; --smush-placeholder-aspect-ratio: 2560\/1703;\"><\/p>\n<div>\n<p><span style=\"font-weight: 400;\">A Dr.\u00aa Vivian Perfeito \u00e9 detentora do Certificado de Compet\u00eancias Pedag\u00f3gicas (CCP), emitido pelo Governo Portugu\u00eas, encontrando-se devidamente certificada pela DGERT \u2014 Dire\u00e7\u00e3o-Geral do Emprego e das Rela\u00e7\u00f5es de Trabalho \u2014 para o exerc\u00edcio da atividade de formadora em Portugal.<\/span><\/p>\n<p><span style=\"font-weight: 400;\">Esta certifica\u00e7\u00e3o permite-lhe desenvolver e ministrar forma\u00e7\u00f5es juridicamente reconhecidas, cujos certificados s\u00e3o v\u00e1lidos para efeitos do c\u00f4mputo das horas de forma\u00e7\u00e3o legalmente exigidas \u00e0s empresas.<\/span><\/p>\n<p><span style=\"font-weight: 400;\">As forma\u00e7\u00f5es s\u00e3o integralmente concebidas \u00e0 medida de cada organiza\u00e7\u00e3o, desenvolvidas em fun\u00e7\u00e3o da demanda espec\u00edfica do cliente e adaptadas \u00e0 realidade, \u00e0s necessidades e ao n\u00edvel de conhecimento de cada grupo.\u00a0<\/span><\/p>\n<p><span style=\"font-weight: 400;\">O conte\u00fado program\u00e1tico \u00e9 estruturado para responder diretamente aos desafios concretos que a empresa enfrenta no seu dia a dia \u2014 tornando a forma\u00e7\u00e3o uma ferramenta genuinamente \u00fatil e aplic\u00e1vel.<\/span><\/p>\n<p><span style=\"font-weight: 400;\">Esta oferta formativa \u00e9 especialmente relevante para empresas que trabalham com clientes estrangeiros ou que atuam no mercado internacional, como ag\u00eancias imobili\u00e1rias, empresas de relocation, escrit\u00f3rios de contabilidade, recursos humanos e organiza\u00e7\u00f5es com equipas ou clientes multiculturais que tenham por interesse conhecer os seus direitos e deveres em territ\u00f3rio nacional.\u00a0<\/span><\/p>\n<p><span style=\"font-weight: 400;\">Conhecer o enquadramento legal do direito dos estrangeiros e da nacionalidade portuguesa pode fazer toda a diferen\u00e7a na qualidade do servi\u00e7o prestado e na confian\u00e7a transmitida aos clientes assim como aos pr\u00f3prios titulares dos direitos para que se empoderem atrav\u00e9s do conhecimento a respeito dos seus direitos e deveres enquanto residentes em Portugal.<\/span><\/p>\n<p><span style=\"font-weight: 400;\">Investir na forma\u00e7\u00e3o jur\u00eddica \u00e9 uma forma buscar seguran\u00e7a jur\u00eddica, conformidade legal, defini\u00e7\u00e3o de estrat\u00e9gias e respeito pelos direitos de todos \u2014 colaboradores, parceiros comerciais e clientes finais.<\/span><\/p>\n<\/div>\n<div>\n<div class=\"uk-text-left\">\n  <a class=\"uk-button uk-button-secondary btn-consulta\"\n     href=\"#consulta-personalizada\"\n     uk-scroll\n     uk-toggle=\"target: #consulta-personalizada; animation: uk-animation-slide-top-small\"><\/p>\n<p>     AGENDE UMA CONSULTA PERSONALIZADA<\/p>\n<p>  <\/a>\n<\/div>\n<\/div>\n<div>\n<div id=\"consulta-personalizada\" class=\"uk-margin-large-top\" hidden>\n<style>\n    #consulta-personalizada .uk-card {\n      background: #ffffff;\n      border: 1px solid #e5e5e5;\n      box-shadow: 0 8px 24px rgba(0,0,0,0.06);\n      padding: 40px;\n    }<\/p>\n<p>    #consulta-personalizada h3 {\n      font-weight: 500;\n      font-size: 20px;\n      letter-spacing: 0.5px;\n      margin-bottom: 20px;\n      color: #111;\n      text-align: center;\n    }<\/p>\n<p>    .texto-agendamento {\n      font-size: 15px;\n      line-height: 1.7;\n      color: #444;\n      margin-bottom: 30px;\n    }<\/p>\n<p>    .agenda-outlook-wrapper {\n      border-radius: 10px;\n      overflow: hidden;\n      border: 1px solid #e5e5e5;\n    }<\/p>\n<p>    .agenda-outlook-wrapper iframe {\n      width: 100%;\n      height: 650px;\n      border: 0;\n      display: block;\n    }<\/p>\n<p>    @media (max-width: 768px) {\n      .agenda-outlook-wrapper iframe {\n        height: 500px;\n      }\n    }\n  <\/style>\n<div class=\"uk-card uk-card-body uk-border-rounded uk-width-1-1\">\n<div class=\"texto-agendamento\">\n<p>\n        Para agendar a sua consulta, basta preencher os seus dados para ter acesso \u00e0 p\u00e1gina de contrata\u00e7\u00e3o.   <\/p>\n<p>   Nessa etapa, poder\u00e1 escolher o dia e o hor\u00e1rio dispon\u00edveis na agenda, de acordo com a sua disponibilidade, definir se a reuni\u00e3o ser\u00e1 online ou presencial e o idioma em que deseja ser atendido, bem como apresentar uma breve descri\u00e7\u00e3o do caso concreto.\n      <\/p>\n<p>\n        Em seguida, receber\u00e1 um e-mail com um link para pagamento online, necess\u00e1rio para confirmar a sua reserva.<br \/>\n        O investimento para a consulta \u00e9 de <strong>150\u20ac<\/strong>, devendo o pagamento ser efetuado no prazo m\u00e1ximo de 24 horas ap\u00f3s a confirma\u00e7\u00e3o do agendamento.\n      <\/p>\n<p>  Caso opte pela consulta online, receber\u00e1 automaticamente o convite com o acesso \u00e0 sala de reuni\u00e3o virtual. Se escolher a consulta presencial, ter\u00e1 acesso ao endere\u00e7o do escrit\u00f3rio em Matosinhos, onde dever\u00e1 comparecer no hor\u00e1rio agendado.<\/p>\n<p> A consulta possui dura\u00e7\u00e3o de at\u00e9 40 minutos, sendo um encontro totalmente personalizado, dedicado \u00e0 an\u00e1lise do seu caso concreto e ao esclarecimento das suas quest\u00f5es.\n<\/p>\n<\/p><\/div>\n<h3>Escolha abaixo o dia e hor\u00e1rio dispon\u00edveis<\/h3>\n<div class=\"agenda-outlook-wrapper\">\n      <iframe \n        data-src=\"https:\/\/outlook.office.com\/book\/ConsultaConsultation@vivianperfeito.com\/?ismsaljsauthenabled\" src=\"data:image\/svg+xml;base64,PHN2ZyB3aWR0aD0iMSIgaGVpZ2h0PSIxIiB4bWxucz0iaHR0cDovL3d3dy53My5vcmcvMjAwMC9zdmciPjwvc3ZnPg==\" class=\"lazyload\" data-load-mode=\"1\"><br \/>\n      <\/iframe>\n    <\/div>\n<\/p><\/div>\n<\/div>\n<\/div>\n<h1>Servi\u00e7os Relacionados<\/h1>\n<div>\n<div class=\"uk-margin-medium\">\n<div class=\"custom-panel\" onclick=\"this.classList.toggle('open')\">\n<div class=\"panel-header\">\n      <span>FORMA\u00c7\u00d5ES PRESENCIAIS | IN COMPANY<\/span><br \/>\n      <span class=\"icon-toggle\"><\/span>\n    <\/div>\n<div class=\"panel-content\">\n<p>\n       Forma\u00e7\u00e3o para equipas, desenvolvidas sob medida e de acordo com os objetivos dos interessados. Aulas realizadas na sede da sua empresa\/escrit\u00f3rio ou espa\u00e7o reservado para eventos e forma\u00e7\u00f5es. Emiss\u00e3o de certificado de horas de forma\u00e7\u00e3o.\n      <\/p>\n<p>      <a href=\"\/contato\" class=\"custom-button\"><br \/>\n        ENTRE EM CONTATO<br \/>\n      <\/a>\n    <\/div>\n<\/p><\/div>\n<\/div>\n<style>\n<p>\/* Painel \u00fanico *\/\n.custom-panel {\n  background: #682424;\n  color: #ffffff;\n  font-family: Helvetica, Arial, sans-serif;\n  border-radius: 8px;\n  padding: 18px 24px;\n  cursor: pointer;\n  transition: all 0.3s ease;\n}<\/p>\n<p>\/* Cabe\u00e7alho *\/\n.panel-header {\n  display: flex;\n  justify-content: space-between;\n  align-items: center;\n  font-size: 18px;\n}<\/p>\n<p>\/* \u00cdcone *\/\n.icon-toggle::after {\n  content: \"+\";\n  font-size: 28px;\n  font-weight: 300;\n  transition: 0.3s ease;\n}<\/p>\n<p>\/* Conte\u00fado escondido *\/\n.panel-content {\n  max-height: 0;\n  overflow: hidden;\n  transition: max-height 0.4s ease;\n}<\/p>\n<p>\/* Quando aberto *\/\n.custom-panel.open .panel-content {\n  max-height: 500px;\n  margin-top: 20px;\n}<\/p>\n<p>.custom-panel.open .icon-toggle::after {\n  content: \"\u2212\";\n}<\/p>\n<p>\/* Bot\u00e3o *\/\n.custom-button {\n  display: inline-block;\n  margin-top: 20px;\n  background: #ffffff;\n  color: #682424;\n  padding: 10px 26px;\n  border-radius: 4px;\n  text-transform: uppercase;\n  letter-spacing: 1px;\n  font-weight: 500;\n  text-decoration: none;\n}<\/p>\n<\/style>\n<\/div>\n<div>\n<div class=\"uk-margin-medium\">\n<div class=\"custom-panel\" onclick=\"this.classList.toggle('open')\">\n<div class=\"panel-header\">\n      <span>FORMA\u00c7\u00d5ES E-LEARNING<\/span><br \/>\n      <span class=\"icon-toggle\"><\/span>\n    <\/div>\n<div class=\"panel-content\">\n<p>\n        Forma\u00e7\u00e3o para equipas, desenvolvidas sob medida e de acordo com os objetivos do interessados, em aulas a decorrer online, atrav\u00e9s de plataformas que respeitem a privacidade e os dados dos envolvidos e que garantam a apresenta\u00e7\u00e3o dos conte\u00fados. Emiss\u00e3o de certificado de horas de forma\u00e7\u00e3o.\n      <\/p>\n<p>      <a href=\"\/contato\" class=\"custom-button\"><br \/>\n        ENTRE EM CONTATO<br \/>\n      <\/a>\n    <\/div>\n<\/p><\/div>\n<\/div>\n<style>\n<p>\/* Painel \u00fanico *\/\n.custom-panel {\n  background: #682424;\n  color: #ffffff;\n  font-family: Helvetica, Arial, sans-serif;\n  border-radius: 8px;\n  padding: 18px 24px;\n  cursor: pointer;\n  transition: all 0.3s ease;\n}<\/p>\n<p>\/* Cabe\u00e7alho *\/\n.panel-header {\n  display: flex;\n  justify-content: space-between;\n  align-items: center;\n  font-size: 18px;\n}<\/p>\n<p>\/* \u00cdcone *\/\n.icon-toggle::after {\n  content: \"+\";\n  font-size: 28px;\n  font-weight: 300;\n  transition: 0.3s ease;\n}<\/p>\n<p>\/* Conte\u00fado escondido *\/\n.panel-content {\n  max-height: 0;\n  overflow: hidden;\n  transition: max-height 0.4s ease;\n}<\/p>\n<p>\/* Quando aberto *\/\n.custom-panel.open .panel-content {\n  max-height: 500px;\n  margin-top: 20px;\n}<\/p>\n<p>.custom-panel.open .icon-toggle::after {\n  content: \"\u2212\";\n}<\/p>\n<p>\/* Bot\u00e3o *\/\n.custom-button {\n  display: inline-block;\n  margin-top: 20px;\n  background: #ffffff;\n  color: #682424;\n  padding: 10px 26px;\n  border-radius: 4px;\n  text-transform: uppercase;\n  letter-spacing: 1px;\n  font-weight: 500;\n  text-decoration: none;\n}<\/p>\n<\/style>\n<\/div>\n<p><!--more--><br \/>\n<!-- {\"type\":\"layout\",\"children\":[{\"type\":\"section\",\"props\":{\"image\":\"wp-content\\\/uploads\\\/2025\\\/12\\\/DSC_5645-Aprimorado-NR-1-scaled.jpg\",\"image_position\":\"center-center\",\"image_size\":\"cover\",\"media_overlay\":\"rgba(0, 0, 0, 0.54)\",\"style\":\"default\",\"text_color\":\"light\",\"title_breakpoint\":\"xl\",\"title_position\":\"top-left\",\"title_rotation\":\"left\",\"vertical_align\":\"middle\",\"width\":\"default\"},\"children\":[{\"type\":\"row\",\"children\":[{\"type\":\"column\",\"props\":{\"image_position\":\"center-center\",\"position_sticky_breakpoint\":\"m\"},\"children\":[{\"type\":\"headline\",\"props\":{\"content\":\"Educacional e Forma\\u00e7\\u00f5es\",\"title_element\":\"div\",\"title_style\":\"heading-small\"}},{\"type\":\"headline\",\"props\":{\"content\":\"<span style=\\\"font-weight: 400;\\\">forma\\u00e7\\u00f5es s\\u00e3o desenvolvidas sob medida para empresas\\\/grupos<\\\/span>\",\"margin\":\"default\",\"maxwidth\":\"2xlarge\",\"title_element\":\"div\",\"title_style\":\"text-lead\"}},{\"type\":\"button\",\"props\":{\"grid_column_gap\":\"small\",\"grid_row_gap\":\"small\",\"margin\":\"default\"},\"children\":[{\"type\":\"button_item\",\"props\":{\"button_style\":\"secondary\",\"content\":\"SAIBA MAIS\",\"icon_align\":\"left\",\"link\":\"#atos\"}},{\"type\":\"button_item\",\"props\":{\"button_style\":\"secondary\",\"content\":\"SERVI\\u00c7OS RELACIONADOS\",\"icon_align\":\"left\",\"link\":\"#relacionados\"}}]}]}]}]},{\"type\":\"section\",\"props\":{\"id\":\"atos\",\"image_position\":\"center-center\",\"style\":\"default\",\"title_breakpoint\":\"xl\",\"title_position\":\"top-left\",\"title_rotation\":\"left\",\"vertical_align\":\"middle\",\"width\":\"default\"},\"children\":[{\"type\":\"row\",\"props\":{\"column_gap\":\"large\",\"layout\":\"1-3,2-3\"},\"children\":[{\"type\":\"column\",\"props\":{\"class\":\"coluna-bg-c\",\"image_position\":\"bottom-center\",\"image_size\":\"cover\",\"position_sticky_breakpoint\":\"m\",\"width_medium\":\"1-3\"},\"children\":[{\"type\":\"image\",\"props\":{\"height_expand\":true,\"image\":\"wp-content\\\/uploads\\\/2025\\\/12\\\/DSC_5645-Aprimorado-NR-1-scaled.jpg\",\"image_svg_color\":\"emphasis\",\"margin\":\"default\"}}]},{\"type\":\"column\",\"props\":{\"image_position\":\"center-center\",\"position_sticky_breakpoint\":\"m\",\"width_medium\":\"2-3\"},\"children\":[{\"type\":\"text\",\"props\":{\"column_breakpoint\":\"m\",\"content\":\"\n\n<p><span style=\\\"font-weight: 400;\\\">A Dr.\\u00aa Vivian Perfeito \\u00e9 detentora do Certificado de Compet\\u00eancias Pedag\\u00f3gicas (CCP), emitido pelo Governo Portugu\\u00eas, encontrando-se devidamente certificada pela DGERT \\u2014 Dire\\u00e7\\u00e3o-Geral do Emprego e das Rela\\u00e7\\u00f5es de Trabalho \\u2014 para o exerc\\u00edcio da atividade de formadora em Portugal.<\\\/span><\\\/p>\\n\n\n<p><span style=\\\"font-weight: 400;\\\">Esta certifica\\u00e7\\u00e3o permite-lhe desenvolver e ministrar forma\\u00e7\\u00f5es juridicamente reconhecidas, cujos certificados s\\u00e3o v\\u00e1lidos para efeitos do c\\u00f4mputo das horas de forma\\u00e7\\u00e3o legalmente exigidas \\u00e0s empresas.<\\\/span><\\\/p>\\n\n\n<p><span style=\\\"font-weight: 400;\\\">As forma\\u00e7\\u00f5es s\\u00e3o integralmente concebidas \\u00e0 medida de cada organiza\\u00e7\\u00e3o, desenvolvidas em fun\\u00e7\\u00e3o da demanda espec\\u00edfica do cliente e adaptadas \\u00e0 realidade, \\u00e0s necessidades e ao n\\u00edvel de conhecimento de cada grupo.\\u00a0<\\\/span><\\\/p>\\n\n\n<p><span style=\\\"font-weight: 400;\\\">O conte\\u00fado program\\u00e1tico \\u00e9 estruturado para responder diretamente aos desafios concretos que a empresa enfrenta no seu dia a dia \\u2014 tornando a forma\\u00e7\\u00e3o uma ferramenta genuinamente \\u00fatil e aplic\\u00e1vel.<\\\/span><\\\/p>\\n\n\n<p><span style=\\\"font-weight: 400;\\\">Esta oferta formativa \\u00e9 especialmente relevante para empresas que trabalham com clientes estrangeiros ou que atuam no mercado internacional, como ag\\u00eancias imobili\\u00e1rias, empresas de relocation, escrit\\u00f3rios de contabilidade, recursos humanos e organiza\\u00e7\\u00f5es com equipas ou clientes multiculturais que tenham por interesse conhecer os seus direitos e deveres em territ\\u00f3rio nacional.\\u00a0<\\\/span><\\\/p>\\n\n\n<p><span style=\\\"font-weight: 400;\\\">Conhecer o enquadramento legal do direito dos estrangeiros e da nacionalidade portuguesa pode fazer toda a diferen\\u00e7a na qualidade do servi\\u00e7o prestado e na confian\\u00e7a transmitida aos clientes assim como aos pr\\u00f3prios titulares dos direitos para que se empoderem atrav\\u00e9s do conhecimento a respeito dos seus direitos e deveres enquanto residentes em Portugal.<\\\/span><\\\/p>\\n\n\n<p><span style=\\\"font-weight: 400;\\\">Investir na forma\\u00e7\\u00e3o jur\\u00eddica \\u00e9 uma forma buscar seguran\\u00e7a jur\\u00eddica, conformidade legal, defini\\u00e7\\u00e3o de estrat\\u00e9gias e respeito pelos direitos de todos \\u2014 colaboradores, parceiros comerciais e clientes finais.<\\\/span><\\\/p>\",\"margin\":\"default\"}},{\"type\":\"html\",\"props\":{\"content\":\"\n\n<div class=\\\"uk-text-left\\\">\\n  <a class=\\\"uk-button uk-button-secondary btn-consulta\\\"\\n     href=\\\"#consulta-personalizada\\\"\\n     uk-scroll\\n     uk-toggle=\\\"target: #consulta-personalizada; animation: uk-animation-slide-top-small\\\">\\n     \\n     AGENDE UMA CONSULTA PERSONALIZADA\\n     \\n  <\\\/a>\\n<\\\/div>\\n\"}},{\"type\":\"html\",\"props\":{\"content\":\"\n\n<div id=\\\"consulta-personalizada\\\" class=\\\"uk-margin-large-top\\\" hidden>\\n\\n  \n\n<style>\\n    #consulta-personalizada .uk-card {\\n      background: #ffffff;\\n      border: 1px solid #e5e5e5;\\n      box-shadow: 0 8px 24px rgba(0,0,0,0.06);\\n      padding: 40px;\\n    }\\n\\n    #consulta-personalizada h3 {\\n      font-weight: 500;\\n      font-size: 20px;\\n      letter-spacing: 0.5px;\\n      margin-bottom: 20px;\\n      color: #111;\\n      text-align: center;\\n    }\\n\\n    .texto-agendamento {\\n      font-size: 15px;\\n      line-height: 1.7;\\n      color: #444;\\n      margin-bottom: 30px;\\n    }\\n\\n    .agenda-outlook-wrapper {\\n      border-radius: 10px;\\n      overflow: hidden;\\n      border: 1px solid #e5e5e5;\\n    }\\n\\n    .agenda-outlook-wrapper iframe {\\n      width: 100%;\\n      height: 650px;\\n      border: 0;\\n      display: block;\\n    }\\n\\n    @media (max-width: 768px) {\\n      .agenda-outlook-wrapper iframe {\\n        height: 500px;\\n      }\\n    }\\n  <\\\/style>\\n\\n  \n\n<div class=\\\"uk-card uk-card-body uk-border-rounded uk-width-1-1\\\">\\n\\n    \n\n<div class=\\\"texto-agendamento\\\">\\n      \n\n<p>\\n        Para agendar a sua consulta, basta preencher os seus dados para ter acesso \\u00e0 p\\u00e1gina de contrata\\u00e7\\u00e3o.   <\\\/p>\\n     \n\n<p>   Nessa etapa, poder\\u00e1 escolher o dia e o hor\\u00e1rio dispon\\u00edveis na agenda, de acordo com a sua disponibilidade, definir se a reuni\\u00e3o ser\\u00e1 online ou presencial e o idioma em que deseja ser atendido, bem como apresentar uma breve descri\\u00e7\\u00e3o do caso concreto.\\n      <\\\/p>\\n      \n\n<p>\\n        Em seguida, receber\\u00e1 um e-mail com um link para pagamento online, necess\\u00e1rio para confirmar a sua reserva. \\n        O investimento para a consulta \\u00e9 de <strong>150\\u20ac<\\\/strong>, devendo o pagamento ser efetuado no prazo m\\u00e1ximo de 24 horas ap\\u00f3s a confirma\\u00e7\\u00e3o do agendamento.\\n      <\\\/p>\\n       \n\n<p>  Caso opte pela consulta online, receber\\u00e1 automaticamente o convite com o acesso \\u00e0 sala de reuni\\u00e3o virtual. Se escolher a consulta presencial, ter\\u00e1 acesso ao endere\\u00e7o do escrit\\u00f3rio em Matosinhos, onde dever\\u00e1 comparecer no hor\\u00e1rio agendado.<\\\/p>\\n  \n\n<p> A consulta possui dura\\u00e7\\u00e3o de at\\u00e9 40 minutos, sendo um encontro totalmente personalizado, dedicado \\u00e0 an\\u00e1lise do seu caso concreto e ao esclarecimento das suas quest\\u00f5es.\\n<\\\/p>\\n    <\\\/div>\\n\\n    \n\n<h3>Escolha abaixo o dia e hor\\u00e1rio dispon\\u00edveis<\\\/h3>\\n\\n    \n\n<div class=\\\"agenda-outlook-wrapper\\\">\\n      <iframe \\n        src=\\\"https:\\\/\\\/outlook.office.com\\\/book\\\/ConsultaConsultation@vivianperfeito.com\\\/?ismsaljsauthenabled\\\">\\n      <\\\/iframe>\\n    <\\\/div>\\n\\n  <\\\/div>\\n\\n<\\\/div>\\n\"}}]}]}]},{\"type\":\"section\",\"props\":{\"id\":\"relacionados\",\"image_position\":\"center-center\",\"style\":\"muted\",\"title_breakpoint\":\"xl\",\"title_position\":\"top-left\",\"title_rotation\":\"left\",\"vertical_align\":\"middle\",\"width\":\"default\"},\"children\":[{\"type\":\"row\",\"children\":[{\"type\":\"column\",\"props\":{\"image_position\":\"center-center\",\"position_sticky_breakpoint\":\"m\",\"width_medium\":\"1-3\"},\"children\":[{\"type\":\"headline\",\"props\":{\"content\":\"Servi\\u00e7os Relacionados\",\"title_element\":\"h1\"}}]},{\"type\":\"column\",\"props\":{\"image_position\":\"center-center\",\"position_sticky_breakpoint\":\"m\",\"width_medium\":\"2-3\"},\"children\":[{\"type\":\"html\",\"props\":{\"content\":\"\n\n<div class=\\\"uk-margin-medium\\\">\\n\\n  \n\n<div class=\\\"custom-panel\\\" onclick=\\\"this.classList.toggle('open')\\\">\\n\\n    \n\n<div class=\\\"panel-header\\\">\\n      <span>FORMA\\u00c7\\u00d5ES PRESENCIAIS | IN COMPANY<\\\/span>\\n      <span class=\\\"icon-toggle\\\"><\\\/span>\\n    <\\\/div>\\n\\n    \n\n<div class=\\\"panel-content\\\">\\n      \n\n<p>\\n       Forma\\u00e7\\u00e3o para equipas, desenvolvidas sob medida e de acordo com os objetivos dos interessados. Aulas realizadas na sede da sua empresa\\\/escrit\\u00f3rio ou espa\\u00e7o reservado para eventos e forma\\u00e7\\u00f5es. Emiss\\u00e3o de certificado de horas de forma\\u00e7\\u00e3o.\\n      <\\\/p>\\n\\n      <a href=\\\"\\\/contato\\\" class=\\\"custom-button\\\">\\n        ENTRE EM CONTATO\\n      <\\\/a>\\n    <\\\/div>\\n\\n  <\\\/div>\\n\\n<\\\/div>\\n\\n\n\n<style>\\n\\n\\\/* Painel \\u00fanico *\\\/\\n.custom-panel {\\n  background: #682424;\\n  color: #ffffff;\\n  font-family: Helvetica, Arial, sans-serif;\\n  border-radius: 8px;\\n  padding: 18px 24px;\\n  cursor: pointer;\\n  transition: all 0.3s ease;\\n}\\n\\n\\\/* Cabe\\u00e7alho *\\\/\\n.panel-header {\\n  display: flex;\\n  justify-content: space-between;\\n  align-items: center;\\n  font-size: 18px;\\n}\\n\\n\\\/* \\u00cdcone *\\\/\\n.icon-toggle::after {\\n  content: \\\"+\\\";\\n  font-size: 28px;\\n  font-weight: 300;\\n  transition: 0.3s ease;\\n}\\n\\n\\\/* Conte\\u00fado escondido *\\\/\\n.panel-content {\\n  max-height: 0;\\n  overflow: hidden;\\n  transition: max-height 0.4s ease;\\n}\\n\\n\\\/* Quando aberto *\\\/\\n.custom-panel.open .panel-content {\\n  max-height: 500px;\\n  margin-top: 20px;\\n}\\n\\n.custom-panel.open .icon-toggle::after {\\n  content: \\\"\\u2212\\\";\\n}\\n\\n\\\/* Bot\\u00e3o *\\\/\\n.custom-button {\\n  display: inline-block;\\n  margin-top: 20px;\\n  background: #ffffff;\\n  color: #682424;\\n  padding: 10px 26px;\\n  border-radius: 4px;\\n  text-transform: uppercase;\\n  letter-spacing: 1px;\\n  font-weight: 500;\\n  text-decoration: none;\\n}\\n\\n<\\\/style>\\n\\n\\n\\n\\n\"}},{\"type\":\"html\",\"props\":{\"content\":\"\n\n<div class=\\\"uk-margin-medium\\\">\\n\\n  \n\n<div class=\\\"custom-panel\\\" onclick=\\\"this.classList.toggle('open')\\\">\\n\\n    \n\n<div class=\\\"panel-header\\\">\\n      <span>FORMA\\u00c7\\u00d5ES E-LEARNING<\\\/span>\\n      <span class=\\\"icon-toggle\\\"><\\\/span>\\n    <\\\/div>\\n\\n    \n\n<div class=\\\"panel-content\\\">\\n      \n\n<p>\\n        Forma\\u00e7\\u00e3o para equipas, desenvolvidas sob medida e de acordo com os objetivos do interessados, em aulas a decorrer online, atrav\\u00e9s de plataformas que respeitem a privacidade e os dados dos envolvidos e que garantam a apresenta\\u00e7\\u00e3o dos conte\\u00fados. Emiss\\u00e3o de certificado de horas de forma\\u00e7\\u00e3o. \\n      <\\\/p>\\n\\n      <a href=\\\"\\\/contato\\\" class=\\\"custom-button\\\">\\n        ENTRE EM CONTATO\\n      <\\\/a>\\n    <\\\/div>\\n\\n  <\\\/div>\\n\\n<\\\/div>\\n\\n\n\n<style>\\n\\n\\\/* Painel \\u00fanico *\\\/\\n.custom-panel {\\n  background: #682424;\\n  color: #ffffff;\\n  font-family: Helvetica, Arial, sans-serif;\\n  border-radius: 8px;\\n  padding: 18px 24px;\\n  cursor: pointer;\\n  transition: all 0.3s ease;\\n}\\n\\n\\\/* Cabe\\u00e7alho *\\\/\\n.panel-header {\\n  display: flex;\\n  justify-content: space-between;\\n  align-items: center;\\n  font-size: 18px;\\n}\\n\\n\\\/* \\u00cdcone *\\\/\\n.icon-toggle::after {\\n  content: \\\"+\\\";\\n  font-size: 28px;\\n  font-weight: 300;\\n  transition: 0.3s ease;\\n}\\n\\n\\\/* Conte\\u00fado escondido *\\\/\\n.panel-content {\\n  max-height: 0;\\n  overflow: hidden;\\n  transition: max-height 0.4s ease;\\n}\\n\\n\\\/* Quando aberto *\\\/\\n.custom-panel.open .panel-content {\\n  max-height: 500px;\\n  margin-top: 20px;\\n}\\n\\n.custom-panel.open .icon-toggle::after {\\n  content: \\\"\\u2212\\\";\\n}\\n\\n\\\/* Bot\\u00e3o *\\\/\\n.custom-button {\\n  display: inline-block;\\n  margin-top: 20px;\\n  background: #ffffff;\\n  color: #682424;\\n  padding: 10px 26px;\\n  border-radius: 4px;\\n  text-transform: uppercase;\\n  letter-spacing: 1px;\\n  font-weight: 500;\\n  text-decoration: none;\\n}\\n\\n<\\\/style>\\n\\n\\n\\n\\n\"}}]}],\"props\":{\"layout\":\"1-3,2-3\"}}]}],\"version\":\"4.3.8\"} --><\/p>\n","protected":false},"excerpt":{"rendered":"<p>Educacional e Forma\u00e7\u00f5es forma\u00e7\u00f5es s\u00e3o desenvolvidas sob medida para empresas\/grupos SAIBA MAIS SERVI\u00c7OS RELACIONADOS A Dr.\u00aa Vivian Perfeito \u00e9 detentora do Certificado de Compet\u00eancias Pedag\u00f3gicas (CCP), emitido pelo Governo Portugu\u00eas, encontrando-se devidamente certificada pela DGERT \u2014 Dire\u00e7\u00e3o-Geral do Emprego e das Rela\u00e7\u00f5es de Trabalho \u2014 para o exerc\u00edcio da atividade de formadora em Portugal. Esta [&hellip;]<\/p>\n","protected":false},"author":20,"featured_media":0,"parent":0,"menu_order":0,"comment_status":"closed","ping_status":"closed","template":"","meta":{"_uag_custom_page_level_css":"","wds_primary_category":0,"footnotes":""},"categories":[],"tags":[],"class_list":["post-35041","page","type-page","status-publish","hentry"],"acf":[],"featured_image_src":null,"uagb_featured_image_src":{"full":false,"thumbnail":false,"medium":false,"medium_large":false,"large":false,"1536x1536":false,"2048x2048":false,"gform-image-choice-sm":false,"gform-image-choice-md":false,"gform-image-choice-lg":false,"woocommerce_thumbnail":false,"woocommerce_single":false,"woocommerce_gallery_thumbnail":false},"uagb_author_info":{"display_name":"Eduardo Estrela","author_link":"https:\/\/vivianperfeito.com\/pt-br\/author\/eduardo\/"},"uagb_comment_info":0,"uagb_excerpt":"Educacional e Forma\u00e7\u00f5es forma\u00e7\u00f5es s\u00e3o desenvolvidas sob medida para empresas\/grupos SAIBA MAIS SERVI\u00c7OS RELACIONADOS A Dr.\u00aa Vivian Perfeito \u00e9 detentora do Certificado de Compet\u00eancias Pedag\u00f3gicas (CCP), emitido pelo Governo Portugu\u00eas, encontrando-se devidamente certificada pela DGERT \u2014 Dire\u00e7\u00e3o-Geral do Emprego e das Rela\u00e7\u00f5es de Trabalho \u2014 para o exerc\u00edcio da atividade de formadora em Portugal. Esta&hellip;","_links":{"self":[{"href":"https:\/\/vivianperfeito.com\/pt-br\/wp-json\/wp\/v2\/pages\/35041","targetHints":{"allow":["GET"]}}],"collection":[{"href":"https:\/\/vivianperfeito.com\/pt-br\/wp-json\/wp\/v2\/pages"}],"about":[{"href":"https:\/\/vivianperfeito.com\/pt-br\/wp-json\/wp\/v2\/types\/page"}],"author":[{"embeddable":true,"href":"https:\/\/vivianperfeito.com\/pt-br\/wp-json\/wp\/v2\/users\/20"}],"replies":[{"embeddable":true,"href":"https:\/\/vivianperfeito.com\/pt-br\/wp-json\/wp\/v2\/comments?post=35041"}],"version-history":[{"count":0,"href":"https:\/\/vivianperfeito.com\/pt-br\/wp-json\/wp\/v2\/pages\/35041\/revisions"}],"wp:attachment":[{"href":"https:\/\/vivianperfeito.com\/pt-br\/wp-json\/wp\/v2\/media?parent=35041"}],"wp:term":[{"taxonomy":"category","embeddable":true,"href":"https:\/\/vivianperfeito.com\/pt-br\/wp-json\/wp\/v2\/categories?post=35041"},{"taxonomy":"post_tag","embeddable":true,"href":"https:\/\/vivianperfeito.com\/pt-br\/wp-json\/wp\/v2\/tags?post=35041"}],"curies":[{"name":"wp","href":"https:\/\/api.w.org\/{rel}","templated":true}]}}