{"id":643,"date":"2021-06-07T19:24:42","date_gmt":"2021-06-07T19:24:42","guid":{"rendered":"https:\/\/vivianperfeito.com\/?page_id=643"},"modified":"2026-02-26T10:45:41","modified_gmt":"2026-02-26T10:45:41","slug":"contato","status":"publish","type":"page","link":"https:\/\/vivianperfeito.com\/pt-br\/contato\/","title":{"rendered":"CONTATO 2026"},"content":{"rendered":"<p><img decoding=\"async\" data-src=\"\/wp-content\/uploads\/2025\/05\/DSC_5597-Aprimorado-NR-2-scaled.jpg\" alt=\"\" src=\"data:image\/svg+xml;base64,PHN2ZyB3aWR0aD0iMSIgaGVpZ2h0PSIxIiB4bWxucz0iaHR0cDovL3d3dy53My5vcmcvMjAwMC9zdmciPjwvc3ZnPg==\" class=\"lazyload\" style=\"--smush-placeholder-width: 2560px; --smush-placeholder-aspect-ratio: 2560\/1703;\"><\/p>\n<h2>Envie uma mensagem<\/h2>\n<div>\n<p><span><script type=\"text\/javascript\">\n\/* <![CDATA[ *\/\nvar gform;gform||(document.addEventListener(\"gform_main_scripts_loaded\",function(){gform.scriptsLoaded=!0}),document.addEventListener(\"gform\/theme\/scripts_loaded\",function(){gform.themeScriptsLoaded=!0}),window.addEventListener(\"DOMContentLoaded\",function(){gform.domLoaded=!0}),gform={domLoaded:!1,scriptsLoaded:!1,themeScriptsLoaded:!1,isFormEditor:()=>\"function\"==typeof InitializeEditor,callIfLoaded:function(o){return!(!gform.domLoaded||!gform.scriptsLoaded||!gform.themeScriptsLoaded&&!gform.isFormEditor()||(gform.isFormEditor()&&console.warn(\"The use of gform.initializeOnLoaded() is deprecated in the form editor context and will be removed in Gravity Forms 3.1.\"),o(),0))},initializeOnLoaded:function(o){gform.callIfLoaded(o)||(document.addEventListener(\"gform_main_scripts_loaded\",()=>{gform.scriptsLoaded=!0,gform.callIfLoaded(o)}),document.addEventListener(\"gform\/theme\/scripts_loaded\",()=>{gform.themeScriptsLoaded=!0,gform.callIfLoaded(o)}),window.addEventListener(\"DOMContentLoaded\",()=>{gform.domLoaded=!0,gform.callIfLoaded(o)}))},hooks:{action:{},filter:{}},addAction:function(o,r,e,t){gform.addHook(\"action\",o,r,e,t)},addFilter:function(o,r,e,t){gform.addHook(\"filter\",o,r,e,t)},doAction:function(o){gform.doHook(\"action\",o,arguments)},applyFilters:function(o){return gform.doHook(\"filter\",o,arguments)},removeAction:function(o,r){gform.removeHook(\"action\",o,r)},removeFilter:function(o,r,e){gform.removeHook(\"filter\",o,r,e)},addHook:function(o,r,e,t,n){null==gform.hooks[o][r]&&(gform.hooks[o][r]=[]);var d=gform.hooks[o][r];null==n&&(n=r+\"_\"+d.length),gform.hooks[o][r].push({tag:n,callable:e,priority:t=null==t?10:t})},doHook:function(r,o,e){var t;if(e=Array.prototype.slice.call(e,1),null!=gform.hooks[r][o]&&((o=gform.hooks[r][o]).sort(function(o,r){return o.priority-r.priority}),o.forEach(function(o){\"function\"!=typeof(t=o.callable)&&(t=window[t]),\"action\"==r?t.apply(null,e):e[0]=t.apply(null,e)})),\"filter\"==r)return e[0]},removeHook:function(o,r,t,n){var e;null!=gform.hooks[o][r]&&(e=(e=gform.hooks[o][r]).filter(function(o,r,e){return!!(null!=n&&n!=o.tag||null!=t&&t!=o.priority)}),gform.hooks[o][r]=e)}});\n\/* ]]> *\/\n<\/script>\n\n                <div class='gf_browser_gecko gform_wrapper gravity-theme gform-theme--no-framework' data-form-theme='gravity-theme' data-form-index='0' id='gform_wrapper_1' style='display:none'><div id='gf_1' class='gform_anchor' tabindex='-1'><\/div><form method='post' enctype='multipart\/form-data' target='gform_ajax_frame_1' id='gform_1'  action='\/pt-br\/wp-json\/wp\/v2\/pages\/643#gf_1' data-formid='1' novalidate>\n                        <div class='gform-body gform_body'><div id='gform_fields_1' class='gform_fields top_label form_sublabel_below description_below validation_below'><fieldset id=\"field_1_5\" class=\"gfield gfield--type-radio gfield--type-choice gfield--input-type-radio gfield--width-full gf_list_2col field_sublabel_below gfield--no-description field_description_below field_validation_below gfield_visibility_visible\"  ><legend class='gfield_label gform-field-label' >Qual o prop\u00f3sito do seu contato?<\/legend><div class='ginput_container ginput_container_radio'><div class='gfield_radio' id='input_1_5'>\n\t\t\t<div class='gchoice gchoice_1_5_0'>\n\t\t\t\t\t<input class='gfield-choice-input' name='input_5' type='radio' value='Pedido de proposta de honor\u00e1rios'  id='choice_1_5_0' onchange='gformToggleRadioOther( this )'  tabindex='49'  \/>\n\t\t\t\t\t<label for='choice_1_5_0' id='label_1_5_0' class='gform-field-label gform-field-label--type-inline'>Pedido de proposta de honor\u00e1rios<\/label>\n\t\t\t<\/div>\n\t\t\t<div class='gchoice gchoice_1_5_1'>\n\t\t\t\t\t<input class='gfield-choice-input' name='input_5' type='radio' value='J\u00e1 sou cliente'  id='choice_1_5_1' onchange='gformToggleRadioOther( this )'  tabindex='50'  \/>\n\t\t\t\t\t<label for='choice_1_5_1' id='label_1_5_1' class='gform-field-label gform-field-label--type-inline'>J\u00e1 sou cliente<\/label>\n\t\t\t<\/div>\n\t\t\t<div class='gchoice gchoice_1_5_2'>\n\t\t\t\t\t<input class='gfield-choice-input' name='input_5' type='radio' value='Outros'  id='choice_1_5_2' onchange='gformToggleRadioOther( this )'  tabindex='51'  \/>\n\t\t\t\t\t<label for='choice_1_5_2' id='label_1_5_2' class='gform-field-label gform-field-label--type-inline'>Outros<\/label>\n\t\t\t<\/div><\/div><\/div><\/fieldset><div id=\"field_1_6\" class=\"gfield gfield--type-html gfield--input-type-html gfield--width-full gfield_html gfield_html_formatted gfield_no_follows_desc field_sublabel_below gfield--no-description field_description_below field_validation_below gfield_visibility_visible\"  ><p>N\u00e3o \u00e9 necess\u00e1rio enfrentar sozinho decis\u00f5es jur\u00eddicas que podem impactar o seu futuro. O acompanhamento adequado permite analisar cada situa\u00e7\u00e3o de forma rigorosa e apresentar orienta\u00e7\u00f5es claras e fundamentadas, proporcionando maior seguran\u00e7a na tomada de decis\u00f5es.<\/p>\n<p>Todas as informa\u00e7\u00f5es partilhadas s\u00e3o tratadas com absoluto respeito pelo sigilo profissional, pelos deveres de confidencialidade e pelas normas de prote\u00e7\u00e3o de dados pessoais. A privacidade e a seguran\u00e7a do cliente constituem prioridade desde o primeiro contacto.\n<\/p><\/div><fieldset id=\"field_1_1\" class=\"gfield gfield--type-name gfield--input-type-name gfield_contains_required field_sublabel_below gfield--no-description field_description_below field_validation_below gfield_visibility_visible\"  ><legend class='gfield_label gform-field-label gfield_label_before_complex' >Nome<span class=\"gfield_required\"><span class=\"gfield_required gfield_required_text\">(obrigat\u00f3rio)<\/span><\/span><\/legend><div class='ginput_complex ginput_container ginput_container--name no_prefix has_first_name no_middle_name no_last_name no_suffix gf_name_has_1 ginput_container_name gform-grid-row' id='input_1_1'>\n                            \n                            <span id='input_1_1_3_container' class='name_first gform-grid-col gform-grid-col--size-auto' >\n                                                    <input type='text' name='input_1.3' id='input_1_1_3' value='' tabindex='53'  aria-required='true'     \/>\n                                                    <label for='input_1_1_3' class='gform-field-label gform-field-label--type-sub '>Nome<\/label>\n                                                <\/span>\n                            \n                            \n                            \n                        <\/div><\/fieldset><fieldset id=\"field_1_3\" class=\"gfield gfield--type-email gfield--input-type-email gfield--width-full gfield_contains_required field_sublabel_below gfield--no-description field_description_below field_validation_below gfield_visibility_visible\"  ><legend class='gfield_label gform-field-label gfield_label_before_complex' >Email<span class=\"gfield_required\"><span class=\"gfield_required gfield_required_text\">(obrigat\u00f3rio)<\/span><\/span><\/legend><div class='ginput_complex ginput_container ginput_container_email gform-grid-row' id='input_1_3_container'>\n                                <span id='input_1_3_1_container' class='ginput_left gform-grid-col gform-grid-col--size-auto'>\n                                    <input class='' type='email' name='input_3' id='input_1_3' value='' tabindex='57'   aria-required=\"true\" aria-invalid=\"false\"  \/>\n                                    <label for='input_1_3' class='gform-field-label gform-field-label--type-sub '>Digite um e-mail<\/label>\n                                <\/span>\n                                <span id='input_1_3_2_container' class='ginput_right gform-grid-col gform-grid-col--size-auto'>\n                                    <input class='' type='email' name='input_3_2' id='input_1_3_2' value='' tabindex='58'   aria-required=\"true\" aria-invalid=\"false\"  \/>\n                                    <label for='input_1_3_2' class='gform-field-label gform-field-label--type-sub '>Confirmar e-mail<\/label>\n                                <\/span>\n                                <div class='gf_clear gf_clear_complex'><\/div>\n                            <\/div><\/fieldset><div id=\"field_1_2\" class=\"gfield gfield--type-phone gfield--input-type-phone gfield--width-full gfield_contains_required field_sublabel_below gfield--no-description field_description_below field_validation_below gfield_visibility_visible\"  ><label class='gfield_label gform-field-label' for='input_1_2'>Telefone<span class=\"gfield_required\"><span class=\"gfield_required gfield_required_text\">(obrigat\u00f3rio)<\/span><\/span><\/label><div class='ginput_container ginput_container_phone'><input name='input_2' id='input_1_2' type='tel' value='' class='large' tabindex='59'  aria-required=\"true\" aria-invalid=\"false\"   \/><\/div><\/div><div id=\"field_1_4\" class=\"gfield gfield--type-textarea gfield--input-type-textarea gfield--width-full gfield_contains_required field_sublabel_below gfield--has-description field_description_below field_validation_below gfield_visibility_visible\"  ><label class='gfield_label gform-field-label' for='input_1_4'>Descreva os servi\u00e7os que precisa ou compartilhe detalhes do seu caso<span class=\"gfield_required\"><span class=\"gfield_required gfield_required_text\">(obrigat\u00f3rio)<\/span><\/span><\/label><div class='ginput_container ginput_container_textarea'><textarea name='input_4' id='input_1_4' class='textarea large' tabindex='60' aria-describedby=\"gfield_description_1_4\"   aria-required=\"true\" aria-invalid=\"false\"   rows='10' cols='50'><\/textarea><\/div><div class='gfield_description' id='gfield_description_1_4'>Observa\u00e7\u00e3o: Poder\u00e3o ser solicitados mais dados e\/ou documentos a fim de que seja poss\u00edvel compreender melhor o caso concreto do cliente.<\/div><\/div><div id=\"field_1_8\" class=\"gfield gfield--type-fileupload gfield--input-type-fileupload gfield--width-full field_sublabel_below gfield--no-description field_description_below field_validation_below gfield_visibility_visible\"  ><label class='gfield_label gform-field-label' for='gform_browse_button_1_8'>Gostaria de anexar algum arquivo?<\/label><div class='ginput_container ginput_container_fileupload'><div id='gform_multifile_upload_1_8' data-settings='{&quot;runtimes&quot;:&quot;html5,flash,html4&quot;,&quot;browse_button&quot;:&quot;gform_browse_button_1_8&quot;,&quot;container&quot;:&quot;gform_multifile_upload_1_8&quot;,&quot;drop_element&quot;:&quot;gform_drag_drop_area_1_8&quot;,&quot;filelist&quot;:&quot;gform_preview_1_8&quot;,&quot;unique_names&quot;:true,&quot;file_data_name&quot;:&quot;file&quot;,&quot;url&quot;:&quot;https:\\\/\\\/vivianperfeito.com\\\/pt-br\\\/?gf_page=caee7732497dd8d&quot;,&quot;flash_swf_url&quot;:&quot;https:\\\/\\\/vivianperfeito.com\\\/wp-includes\\\/js\\\/plupload\\\/plupload.flash.swf&quot;,&quot;silverlight_xap_url&quot;:&quot;https:\\\/\\\/vivianperfeito.com\\\/wp-includes\\\/js\\\/plupload\\\/plupload.silverlight.xap&quot;,&quot;filters&quot;:{&quot;mime_types&quot;:[{&quot;title&quot;:&quot;Extens\\u00f5es permitidas&quot;,&quot;extensions&quot;:&quot;doc,docx,pdf,jpg,gif,png&quot;}],&quot;max_file_size&quot;:&quot;8388608b&quot;},&quot;multipart&quot;:true,&quot;urlstream_upload&quot;:false,&quot;multipart_params&quot;:{&quot;form_id&quot;:1,&quot;field_id&quot;:8,&quot;_gform_file_upload_nonce_1_8&quot;:&quot;491d520022&quot;},&quot;gf_vars&quot;:{&quot;max_files&quot;:&quot;10&quot;,&quot;message_id&quot;:&quot;gform_multifile_messages_1_8&quot;,&quot;disallowed_extensions&quot;:[&quot;php&quot;,&quot;asp&quot;,&quot;aspx&quot;,&quot;cmd&quot;,&quot;csh&quot;,&quot;bat&quot;,&quot;html&quot;,&quot;htm&quot;,&quot;hta&quot;,&quot;jar&quot;,&quot;exe&quot;,&quot;com&quot;,&quot;js&quot;,&quot;lnk&quot;,&quot;htaccess&quot;,&quot;phar&quot;,&quot;phtml&quot;,&quot;ps1&quot;,&quot;ps2&quot;,&quot;php3&quot;,&quot;php4&quot;,&quot;php5&quot;,&quot;php6&quot;,&quot;py&quot;,&quot;rb&quot;,&quot;tmp&quot;]}}' class='gform_fileupload_multifile'>\n\t\t\t\t\t\t\t\t\t\t<div id='gform_drag_drop_area_1_8' class='gform_drop_area gform-theme-field-control'>\n\t\t\t\t\t\t\t\t\t\t\t<span class='gform_drop_instructions'>Solte arquivos aqui ou <\/span>\n\t\t\t\t\t\t\t\t\t\t\t<button type='button' id='gform_browse_button_1_8' class='button gform_button_select_files gform-theme-button gform-theme-button--control' aria-describedby=\"gfield_upload_rules_1_8\" tabindex='61' >Selecione os arquivos<\/button>\n\t\t\t\t\t\t\t\t\t\t<\/div>\n\t\t\t\t\t\t\t\t\t<\/div><span class='gfield_description gform_fileupload_rules' id='gfield_upload_rules_1_8'>Tipos de arquivo aceitos: doc, docx, pdf, jpg, gif, png, M\u00e1x. tamanho do arquivo: 8 MB, M\u00e1x. arquivos: 10.<\/span><ul class='validation_message--hidden-on-empty gform-ul-reset' id='gform_multifile_messages_1_8'><\/ul> <div id='gform_preview_1_8' class='ginput_preview_list'><\/div><\/div><\/div><div id=\"field_1_9\" class=\"gfield gfield--type-fileupload gfield--input-type-fileupload gfield--width-full field_sublabel_below gfield--no-description field_description_below field_validation_below gfield_visibility_visible\"  ><label class='gfield_label gform-field-label' for='input_1_9'>Gostaria de anexar seu CV?<\/label><div class='ginput_container ginput_container_fileupload'><input type='hidden' name='MAX_FILE_SIZE' value='8388608' \/><input name='input_9' id='input_1_9' type='file' class='large' aria-describedby=\"gfield_upload_rules_1_9\" onchange='javascript:gformValidateFileSize( this, 8388608 );' tabindex='62' \/><span class='gfield_description gform_fileupload_rules' id='gfield_upload_rules_1_9'>Tipos de arquivo aceitos: doc, docx, pdf, jpg, gif, png, M\u00e1x. tamanho do arquivo: 8 MB.<\/span><div class='gfield_description validation_message gfield_validation_message validation_message--hidden-on-empty' id='live_validation_message_1_9'><\/div> <\/div><\/div><div id=\"field_1_10\" class=\"gfield gfield--type-captcha gfield--input-type-captcha gfield--width-full field_sublabel_below gfield--no-description field_description_below hidden_label field_validation_below gfield_visibility_visible\"  ><label class='gfield_label gform-field-label' for='input_1_10'>CAPTCHA<\/label><div id='input_1_10' class='ginput_container ginput_recaptcha' data-sitekey='6LeFkiciAAAAABTtIjBxZnG1u4I5ZjXxY1nI7nE4'  data-theme='light' data-tabindex='-1' data-size='invisible' data-badge='bottomleft'><\/div><\/div><\/div><\/div>\n        <div class='gform-footer gform_footer top_label'> <input type='submit' id='gform_submit_button_1' class='gform_button button' onclick='gform.submission.handleButtonClick(this);' data-submission-type='submit' value='Submeter' tabindex='63' \/> <input type='hidden' name='gform_ajax' value='form_id=1&amp;title=&amp;description=&amp;tabindex=49&amp;theme=gravity-theme&amp;styles=[]&amp;hash=29e75816f45a2316f014e6cad48bf126' \/>\n            <input type='hidden' class='gform_hidden' name='gform_submission_method' data-js='gform_submission_method_1' value='iframe' \/>\n            <input type='hidden' class='gform_hidden' name='gform_theme' data-js='gform_theme_1' id='gform_theme_1' value='gravity-theme' \/>\n            <input type='hidden' class='gform_hidden' name='gform_style_settings' data-js='gform_style_settings_1' id='gform_style_settings_1' value='[]' \/>\n            <input type='hidden' class='gform_hidden' name='is_submit_1' value='1' \/>\n            <input type='hidden' class='gform_hidden' name='gform_submit' value='1' \/>\n            \n            <input type='hidden' class='gform_hidden' name='gform_currency' data-currency='EUR' value='oHMBUxIxLtqDZ4C77g+xJt60yBMVZGlNaroFtPrs+JGYx8H0Va1duVlNGb3oZFBaItGwHYS8DC6hy+rogbAhCc4T+VV4DdVEkkycwq2wFhYiWQE=' \/>\n            <input type='hidden' class='gform_hidden' name='gform_unique_id' value='' \/>\n            <input type='hidden' class='gform_hidden' name='state_1' value='WyJbXSIsImQ2YzRjOWY2MGY0YTAzNWE1ZTAwNGI5ZThlNThlZDRjIl0=' \/>\n            <input type='hidden' autocomplete='off' class='gform_hidden' name='gform_target_page_number_1' id='gform_target_page_number_1' value='0' \/>\n            <input type='hidden' autocomplete='off' class='gform_hidden' name='gform_source_page_number_1' id='gform_source_page_number_1' value='1' \/>\n            <input type='hidden' name='gform_field_values' value='' \/>\n            <input type='hidden' name='gform_uploaded_files' id='gform_uploaded_files_1' value='' \/>\n        <\/div>\n                        <\/form>\n                        <\/div>\n\t\t                <iframe style='display:none;width:0px;height:0px;' src='about:blank' name='gform_ajax_frame_1' id='gform_ajax_frame_1' title='Este iframe cont\u00e9m a l\u00f3gica necess\u00e1ria para manusear os formul\u00e1rios Gravity Forms movidos a AJAX.'><\/iframe>\n\t\t                <script type=\"text\/javascript\">\n\/* <![CDATA[ *\/\n gform.initializeOnLoaded( function() {gformInitSpinner( 1, 'https:\/\/vivianperfeito.com\/wp-content\/plugins\/gravityforms\/images\/spinner.svg', true );jQuery('#gform_ajax_frame_1').on('load',function(){var contents = jQuery(this).contents().find('*').html();var is_postback = contents.indexOf('GF_AJAX_POSTBACK') >= 0;if(!is_postback){return;}var form_content = jQuery(this).contents().find('#gform_wrapper_1');var is_confirmation = jQuery(this).contents().find('#gform_confirmation_wrapper_1').length > 0;var is_redirect = contents.indexOf('gformRedirect(){') >= 0;var is_form = form_content.length > 0 && ! is_redirect && ! is_confirmation;var mt = parseInt(jQuery('html').css('margin-top'), 10) + parseInt(jQuery('body').css('margin-top'), 10) + 100;if(is_form){form_content.find('form').css('opacity', 0);jQuery('#gform_wrapper_1').html(form_content.html());if(form_content.hasClass('gform_validation_error')){jQuery('#gform_wrapper_1').addClass('gform_validation_error');} else {jQuery('#gform_wrapper_1').removeClass('gform_validation_error');}setTimeout( function() { \/* delay the scroll by 50 milliseconds to fix a bug in chrome *\/ jQuery(document).scrollTop(jQuery('#gform_wrapper_1').offset().top - mt); }, 50 );if(window['gformInitDatepicker']) {gformInitDatepicker();}if(window['gformInitPriceFields']) {gformInitPriceFields();}var current_page = jQuery('#gform_source_page_number_1').val();gformInitSpinner( 1, 'https:\/\/vivianperfeito.com\/wp-content\/plugins\/gravityforms\/images\/spinner.svg', true );jQuery(document).trigger('gform_page_loaded', [1, current_page]);window['gf_submitting_1'] = false;}else if(!is_redirect){var confirmation_content = jQuery(this).contents().find('.GF_AJAX_POSTBACK').html();if(!confirmation_content){confirmation_content = contents;}jQuery('#gform_wrapper_1').replaceWith(confirmation_content);jQuery(document).scrollTop(jQuery('#gf_1').offset().top - mt);jQuery(document).trigger('gform_confirmation_loaded', [1]);window['gf_submitting_1'] = false;wp.a11y.speak(jQuery('#gform_confirmation_message_1').text());}else{jQuery('#gform_1').append(contents);if(window['gformRedirect']) {gformRedirect();}}jQuery(document).trigger(\"gform_pre_post_render\", [{ formId: \"1\", currentPage: \"current_page\", abort: function() { this.preventDefault(); } }]);        if (event && event.defaultPrevented) {                return;        }        const gformWrapperDiv = document.getElementById( \"gform_wrapper_1\" );        if ( gformWrapperDiv ) {            const visibilitySpan = document.createElement( \"span\" );            visibilitySpan.id = \"gform_visibility_test_1\";            gformWrapperDiv.insertAdjacentElement( \"afterend\", visibilitySpan );        }        const visibilityTestDiv = document.getElementById( \"gform_visibility_test_1\" );        let postRenderFired = false;        function triggerPostRender() {            if ( postRenderFired ) {                return;            }            postRenderFired = true;            gform.core.triggerPostRenderEvents( 1, current_page );            if ( visibilityTestDiv ) {                visibilityTestDiv.parentNode.removeChild( visibilityTestDiv );            }        }        function debounce( func, wait, immediate ) {            var timeout;            return function() {                var context = this, args = arguments;                var later = function() {                    timeout = null;                    if ( !immediate ) func.apply( context, args );                };                var callNow = immediate && !timeout;                clearTimeout( timeout );                timeout = setTimeout( later, wait );                if ( callNow ) func.apply( context, args );            };        }        const debouncedTriggerPostRender = debounce( function() {            triggerPostRender();        }, 200 );        if ( visibilityTestDiv && visibilityTestDiv.offsetParent === null ) {            const observer = new MutationObserver( ( mutations ) => {                mutations.forEach( ( mutation ) => {                    if ( mutation.type === 'attributes' && visibilityTestDiv.offsetParent !== null ) {                        debouncedTriggerPostRender();                        observer.disconnect();                    }                });            });            observer.observe( document.body, {                attributes: true,                childList: false,                subtree: true,                attributeFilter: [ 'style', 'class' ],            });        } else {            triggerPostRender();        }    } );} ); \n\/* ]]> *\/\n<\/script>\n<\/span><\/p>\n<\/div>\n<p><!--more--><br \/>\n<!-- {\"name\":\"Servi\\u00e7os Template V02\",\"type\":\"layout\",\"children\":[{\"type\":\"section\",\"props\":{\"image_position\":\"center-center\",\"padding_remove_top\":false,\"style\":\"muted\",\"title_breakpoint\":\"xl\",\"title_position\":\"top-left\",\"title_rotation\":\"left\",\"vertical_align\":\"middle\",\"width\":\"default\"},\"children\":[{\"type\":\"row\",\"props\":{\"layout\":\"2-5,3-5\"},\"children\":[{\"type\":\"column\",\"props\":{\"image_position\":\"center-center\",\"image_size\":\"cover\",\"position_sticky_breakpoint\":\"m\",\"width_medium\":\"2-5\"},\"children\":[{\"type\":\"image\",\"props\":{\"height_expand\":true,\"image\":\"wp-content\\\/uploads\\\/2025\\\/05\\\/DSC_5597-Aprimorado-NR-2-scaled.jpg\",\"image_svg_color\":\"emphasis\",\"margin\":\"default\"}}]},{\"type\":\"column\",\"props\":{\"image_position\":\"center-center\",\"position_sticky_breakpoint\":\"m\",\"vertical_align\":\"middle\",\"width_medium\":\"3-5\"},\"children\":[{\"type\":\"headline\",\"props\":{\"content\":\"Envie uma mensagem\",\"title_element\":\"h2\",\"title_style\":\"h2\"}},{\"type\":\"text\",\"props\":{\"column_breakpoint\":\"m\",\"content\":\"\n\n<p><span>[gravityform id=\\\"1\\\" title=\\\"false\\\" description=\\\"false\\\" ajax=\\\"true\\\" tabindex=\\\"49\\\"]<\\\/span><\\\/p>\",\"margin\":\"default\"}}]}]}]}],\"version\":\"4.3.8\"} --><\/p>\n","protected":false},"excerpt":{"rendered":"<p>Envie uma mensagem<\/p>\n","protected":false},"author":2,"featured_media":264,"parent":0,"menu_order":0,"comment_status":"closed","ping_status":"closed","template":"","meta":{"_uag_custom_page_level_css":"","wds_primary_category":0,"footnotes":""},"categories":[],"tags":[],"class_list":["post-643","page","type-page","status-publish","has-post-thumbnail","hentry"],"acf":[],"featured_image_src":"https:\/\/vivianperfeito.com\/wp-content\/uploads\/2021\/05\/nacionalidade-portuguesa.jpg","uagb_featured_image_src":{"full":["https:\/\/vivianperfeito.com\/wp-content\/uploads\/2021\/05\/nacionalidade-portuguesa.jpg",1921,1080,false],"thumbnail":["https:\/\/vivianperfeito.com\/wp-content\/uploads\/2021\/05\/nacionalidade-portuguesa-150x150.jpg",150,150,true],"medium":["https:\/\/vivianperfeito.com\/wp-content\/uploads\/2021\/05\/nacionalidade-portuguesa-300x169.jpg",300,169,true],"medium_large":["https:\/\/vivianperfeito.com\/wp-content\/uploads\/2021\/05\/nacionalidade-portuguesa-768x432.jpg",768,432,true],"large":["https:\/\/vivianperfeito.com\/wp-content\/uploads\/2021\/05\/nacionalidade-portuguesa-1024x576.jpg",1024,576,true],"1536x1536":["https:\/\/vivianperfeito.com\/wp-content\/uploads\/2021\/05\/nacionalidade-portuguesa-1536x864.jpg",1536,864,true],"2048x2048":["https:\/\/vivianperfeito.com\/wp-content\/uploads\/2021\/05\/nacionalidade-portuguesa.jpg",1921,1080,false],"gform-image-choice-sm":["https:\/\/vivianperfeito.com\/wp-content\/uploads\/2021\/05\/nacionalidade-portuguesa.jpg",300,169,false],"gform-image-choice-md":["https:\/\/vivianperfeito.com\/wp-content\/uploads\/2021\/05\/nacionalidade-portuguesa.jpg",400,225,false],"gform-image-choice-lg":["https:\/\/vivianperfeito.com\/wp-content\/uploads\/2021\/05\/nacionalidade-portuguesa.jpg",600,337,false],"woocommerce_thumbnail":["https:\/\/vivianperfeito.com\/wp-content\/uploads\/2021\/05\/nacionalidade-portuguesa-300x300.jpg",300,300,true],"woocommerce_single":["https:\/\/vivianperfeito.com\/wp-content\/uploads\/2021\/05\/nacionalidade-portuguesa-600x337.jpg",600,337,true],"woocommerce_gallery_thumbnail":["https:\/\/vivianperfeito.com\/wp-content\/uploads\/2021\/05\/nacionalidade-portuguesa-100x100.jpg",100,100,true]},"uagb_author_info":{"display_name":"Vivian Perfeito","author_link":"https:\/\/vivianperfeito.com\/pt-br\/author\/vivianperfeito\/"},"uagb_comment_info":0,"uagb_excerpt":"Envie uma mensagem","_links":{"self":[{"href":"https:\/\/vivianperfeito.com\/pt-br\/wp-json\/wp\/v2\/pages\/643","targetHints":{"allow":["GET"]}}],"collection":[{"href":"https:\/\/vivianperfeito.com\/pt-br\/wp-json\/wp\/v2\/pages"}],"about":[{"href":"https:\/\/vivianperfeito.com\/pt-br\/wp-json\/wp\/v2\/types\/page"}],"author":[{"embeddable":true,"href":"https:\/\/vivianperfeito.com\/pt-br\/wp-json\/wp\/v2\/users\/2"}],"replies":[{"embeddable":true,"href":"https:\/\/vivianperfeito.com\/pt-br\/wp-json\/wp\/v2\/comments?post=643"}],"version-history":[{"count":0,"href":"https:\/\/vivianperfeito.com\/pt-br\/wp-json\/wp\/v2\/pages\/643\/revisions"}],"wp:featuredmedia":[{"embeddable":true,"href":"https:\/\/vivianperfeito.com\/pt-br\/wp-json\/wp\/v2\/media\/264"}],"wp:attachment":[{"href":"https:\/\/vivianperfeito.com\/pt-br\/wp-json\/wp\/v2\/media?parent=643"}],"wp:term":[{"taxonomy":"category","embeddable":true,"href":"https:\/\/vivianperfeito.com\/pt-br\/wp-json\/wp\/v2\/categories?post=643"},{"taxonomy":"post_tag","embeddable":true,"href":"https:\/\/vivianperfeito.com\/pt-br\/wp-json\/wp\/v2\/tags?post=643"}],"curies":[{"name":"wp","href":"https:\/\/api.w.org\/{rel}","templated":true}]}}