{"id":34767,"date":"2026-01-27T17:57:31","date_gmt":"2026-01-27T17:57:31","guid":{"rendered":"https:\/\/vivianperfeito.com\/?post_type=product&#038;p=34767"},"modified":"2026-02-20T13:44:48","modified_gmt":"2026-02-20T13:44:48","slug":"nif-numero-de-identificacao-fiscal","status":"publish","type":"product","link":"https:\/\/vivianperfeito.com\/pt-br\/produto\/nif-numero-de-identificacao-fiscal\/","title":{"rendered":"NIF | N\u00famero de Identifica\u00e7\u00e3o Fiscal"},"content":{"rendered":"<p>Solicite o seu NIF de forma segura e respons\u00e1vel<\/p>\n<p>S\u00e3o apenas 4 simples passos para obter o seu NIF.<\/p>\n<h3 class=\"el-title uk-card-title uk-margin-remove-top uk-margin-remove-bottom\">Passo 1<\/h3>\n<div class=\"el-content uk-panel uk-margin-top\">\n<p>Processe o pagamento da solicita\u00e7\u00e3o do seu NIF de acordo com o per\u00edodo desejado.<\/p>\n<h3 class=\"el-title uk-card-title uk-margin-remove-top uk-margin-remove-bottom\">Passo 2<\/h3>\n<div class=\"el-content uk-panel uk-margin-top\">\n<p>Forne\u00e7a os dados estritamente necess\u00e1rios para receber a procura\u00e7\u00e3o, que precisar\u00e1 ser assinada com assinatura reconhecida \/ legalizada.<\/p>\n<h3 class=\"el-title uk-card-title uk-margin-remove-top uk-margin-remove-bottom\">Passo 3<\/h3>\n<div class=\"el-content uk-panel uk-margin-top\">\n<p>Nos envie a procura\u00e7\u00e3o e outros documentos como c\u00f3pia do passaporte (certificada \/ legalizada) e comprovante de endere\u00e7o.<\/p>\n<h3 class=\"el-title uk-card-title uk-margin-remove-top uk-margin-remove-bottom\">Passo 4<\/h3>\n<div class=\"el-content uk-panel uk-margin-top\">\n<p><span class=\"selectable-text copyable-text\">Ap\u00f3s seu processo ser organizado e protocolado, voc\u00ea receber\u00e1 seu NIF devidamente autenticado pela autoridade tribut\u00e1ria.<\/span><\/p>\n<p>A assinatura do servi\u00e7o prestado renova-se automaticamente caso n\u00e3o seja cancelada. N\u00e3o s\u00e3o efetuados reembolsos por desist\u00eancia do cliente.<\/p>\n<p><iframe title=\"YouTube video player\" data-src=\"https:\/\/www.youtube.com\/embed\/ZHzy_BHokUY?si=pSCcHMWb1UHhOA_U\" width=\"560\" height=\"315\" frameborder=\"0\" allowfullscreen=\"allowfullscreen\" src=\"data:image\/svg+xml;base64,PHN2ZyB3aWR0aD0iMSIgaGVpZ2h0PSIxIiB4bWxucz0iaHR0cDovL3d3dy53My5vcmcvMjAwMC9zdmciPjwvc3ZnPg==\" class=\"lazyload\" data-load-mode=\"1\"><\/iframe><\/p>\n<\/div>\n<\/div>\n<\/div>\n<\/div>\n","protected":false},"excerpt":{"rendered":"<p>Solicite o seu NIF de forma segura e respons\u00e1vel. S\u00e3o apenas 4 simples passos para obter o seu NIF.<\/p>\n<h3 class=\"el-title uk-card-title uk-margin-remove-top uk-margin-remove-bottom\">Passo 1<\/h3>\n<div class=\"el-content uk-panel uk-margin-top\">\n<p>Processe o pagamento da solicita\u00e7\u00e3o do seu NIF de acordo com o per\u00edodo desejado.<\/p>\n<h3 class=\"el-title uk-card-title uk-margin-remove-top uk-margin-remove-bottom\">Passo 2<\/h3>\n<div class=\"el-content uk-panel uk-margin-top\">\n<p>Forne\u00e7a os dados estritamente necess\u00e1rios para receber a procura\u00e7\u00e3o, que precisar\u00e1 ser assinada com assinatura reconhecida \/ legalizada.<\/p>\n<h3 class=\"el-title uk-card-title uk-margin-remove-top uk-margin-remove-bottom\">Passo 3<\/h3>\n<div class=\"el-content uk-panel uk-margin-top\">\n<p>Nos envie a procura\u00e7\u00e3o e outros documentos como c\u00f3pia do passaporte (certificada \/ legalizada) e comprovante de endere\u00e7o.<\/p>\n<h3 class=\"el-title uk-card-title uk-margin-remove-top uk-margin-remove-bottom\">Passo 4<\/h3>\n<div class=\"el-content uk-panel uk-margin-top\">\n<p><span class=\"selectable-text copyable-text\">Ap\u00f3s seu processo ser organizado e protocolado, voc\u00ea receber\u00e1 seu NIF devidamente autenticado pela autoridade tribut\u00e1ria.<\/span><\/p>\n<p>A assinatura do servi\u00e7o prestado renova-se automaticamente caso n\u00e3o seja cancelada. N\u00e3o s\u00e3o efetuados reembolsos por desist\u00eancia do cliente.<\/p>\n<\/div>\n<\/div>\n<\/div>\n<\/div>\n","protected":false},"featured_media":10172,"comment_status":"open","ping_status":"closed","template":"","meta":{"_uag_custom_page_level_css":"","wds_primary_product_brand":0,"wds_primary_product_cat":0},"product_brand":[],"product_cat":[73],"product_tag":[],"class_list":{"0":"post-34767","1":"product","2":"type-product","3":"status-publish","4":"has-post-thumbnail","6":"product_cat-sem-categoria","8":"first","9":"instock","10":"shipping-taxable","11":"purchasable","12":"product-type-variable-subscription"},"acf":[],"uagb_featured_image_src":{"full":["https:\/\/vivianperfeito.com\/wp-content\/uploads\/2023\/07\/nif-1x1-1.jpg",1500,1500,false],"thumbnail":["https:\/\/vivianperfeito.com\/wp-content\/uploads\/2023\/07\/nif-1x1-1-150x150.jpg",150,150,true],"medium":["https:\/\/vivianperfeito.com\/wp-content\/uploads\/2023\/07\/nif-1x1-1-300x300.jpg",300,300,true],"medium_large":["https:\/\/vivianperfeito.com\/wp-content\/uploads\/2023\/07\/nif-1x1-1-768x768.jpg",768,768,true],"large":["https:\/\/vivianperfeito.com\/wp-content\/uploads\/2023\/07\/nif-1x1-1-1024x1024.jpg",1024,1024,true],"1536x1536":["https:\/\/vivianperfeito.com\/wp-content\/uploads\/2023\/07\/nif-1x1-1.jpg",1500,1500,false],"2048x2048":["https:\/\/vivianperfeito.com\/wp-content\/uploads\/2023\/07\/nif-1x1-1.jpg",1500,1500,false],"gform-image-choice-sm":["https:\/\/vivianperfeito.com\/wp-content\/uploads\/2023\/07\/nif-1x1-1.jpg",300,300,false],"gform-image-choice-md":["https:\/\/vivianperfeito.com\/wp-content\/uploads\/2023\/07\/nif-1x1-1.jpg",400,400,false],"gform-image-choice-lg":["https:\/\/vivianperfeito.com\/wp-content\/uploads\/2023\/07\/nif-1x1-1.jpg",600,600,false],"woocommerce_thumbnail":["https:\/\/vivianperfeito.com\/wp-content\/uploads\/2023\/07\/nif-1x1-1-300x300.jpg",300,300,true],"woocommerce_single":["https:\/\/vivianperfeito.com\/wp-content\/uploads\/2023\/07\/nif-1x1-1-600x600.jpg",600,600,true],"woocommerce_gallery_thumbnail":["https:\/\/vivianperfeito.com\/wp-content\/uploads\/2023\/07\/nif-1x1-1-100x100.jpg",100,100,true]},"uagb_author_info":{"display_name":"Eduardo Estrela","author_link":"https:\/\/vivianperfeito.com\/pt-br\/author\/"},"uagb_comment_info":0,"uagb_excerpt":"Solicite o seu NIF de forma segura e respons\u00e1vel. S\u00e3o apenas 4 simples passos para obter o seu NIF. Passo 1 Processe o pagamento da solicita\u00e7\u00e3o do seu NIF de acordo com o per\u00edodo desejado. Passo 2 Forne\u00e7a os dados estritamente necess\u00e1rios para receber a procura\u00e7\u00e3o, que precisar\u00e1 ser assinada com assinatura reconhecida \/ legalizada.&hellip;","_links":{"self":[{"href":"https:\/\/vivianperfeito.com\/pt-br\/wp-json\/wp\/v2\/product\/34767","targetHints":{"allow":["GET"]}}],"collection":[{"href":"https:\/\/vivianperfeito.com\/pt-br\/wp-json\/wp\/v2\/product"}],"about":[{"href":"https:\/\/vivianperfeito.com\/pt-br\/wp-json\/wp\/v2\/types\/product"}],"replies":[{"embeddable":true,"href":"https:\/\/vivianperfeito.com\/pt-br\/wp-json\/wp\/v2\/comments?post=34767"}],"wp:featuredmedia":[{"embeddable":true,"href":"https:\/\/vivianperfeito.com\/pt-br\/wp-json\/wp\/v2\/media\/10172"}],"wp:attachment":[{"href":"https:\/\/vivianperfeito.com\/pt-br\/wp-json\/wp\/v2\/media?parent=34767"}],"wp:term":[{"taxonomy":"product_brand","embeddable":true,"href":"https:\/\/vivianperfeito.com\/pt-br\/wp-json\/wp\/v2\/product_brand?post=34767"},{"taxonomy":"product_cat","embeddable":true,"href":"https:\/\/vivianperfeito.com\/pt-br\/wp-json\/wp\/v2\/product_cat?post=34767"},{"taxonomy":"product_tag","embeddable":true,"href":"https:\/\/vivianperfeito.com\/pt-br\/wp-json\/wp\/v2\/product_tag?post=34767"}],"curies":[{"name":"wp","href":"https:\/\/api.w.org\/{rel}","templated":true}]}}